{"id":21758,"date":"2025-07-29T11:12:44","date_gmt":"2025-07-29T11:12:44","guid":{"rendered":"https:\/\/burmeier-ingenieure.de\/?page_id=21758"},"modified":"2025-10-01T07:44:01","modified_gmt":"2025-10-01T07:44:01","slug":"siera-alliance","status":"publish","type":"page","link":"https:\/\/burmeier-ingenieure.de\/en\/siera-alliance\/","title":{"rendered":"SIERA Alliance"},"content":{"rendered":"<div data-elementor-type=\"wp-page\" data-elementor-id=\"21758\" class=\"elementor elementor-21758\" data-elementor-post-type=\"page\">\n\t\t\t\t<div class=\"elementor-element elementor-element-2cbd6b89 e-con-full e-flex e-con e-parent\" data-id=\"2cbd6b89\" data-element_type=\"container\" data-e-type=\"container\">\n\t\t<div class=\"elementor-element elementor-element-bbf902b e-con-full e-flex e-con e-child\" data-id=\"bbf902b\" data-element_type=\"container\" data-e-type=\"container\">\n\t\t\t\t<div class=\"elementor-element elementor-element-2310b356 section-title elementor-invisible elementor-widget elementor-widget-wd_text_block\" data-id=\"2310b356\" data-element_type=\"widget\" data-e-type=\"widget\" data-settings=\"{&quot;_animation&quot;:&quot;fadeInUp&quot;}\" data-widget_type=\"wd_text_block.default\">\n\t\t\t\t<div class=\"elementor-widget-container\">\n\t\t\t\t\t\t\t\t<link rel=\"stylesheet\" id=\"wd-text-block-css\" href=\"https:\/\/burmeier-ingenieure.de\/wp-content\/themes\/woodmart\/css\/parts\/el-text-block.min.css?ver=6.2.1\" type=\"text\/css\" media=\"all\" \/> \t\t\t\t\t<div class=\"wd-text-block reset-last-child text-left\">\n\t\t\t\n\t\t\t<h2 style=\"color: #38344d; text-align: center;\"><span class=\"#boxfirst #boxnormal\">About<\/span> SIERA <span class=\"color-primary\">Alliance<\/span><\/h2>\n\t\t\t\t\t<\/div>\n\t\t\t\t\t\t<\/div>\n\t\t\t\t<\/div>\n\t\t\t\t<div class=\"elementor-element elementor-element-37ebf2f7 color-scheme-inherit text-left elementor-widget elementor-widget-text-editor\" data-id=\"37ebf2f7\" data-element_type=\"widget\" data-e-type=\"widget\" data-widget_type=\"text-editor.default\">\n\t\t\t\t<div class=\"elementor-widget-container\">\n\t\t\t\t\t\t\t\t\t<p><strong>SIERA Alliance<\/strong> is an association of leading companies specialising in environmental engineering. Together, we are committed to tackling global challenges with sustainable solutions, innovative technology and impact-orientated projects.<br \/>Our experts design, realise and manage projects that create long-term positive change. Our range of services addresses three key global challenges: climate change, ecological destruction and social inequality.<\/p><p>Our environmental engineers identify challenges, recognise opportunities and deliver sustainable solutions. It's not just about finding solutions - it's about fixing the mistakes of the past: repairing what's broken, restoring what's lost and bringing ecosystems back into natural balance.<\/p><p>Through innovative engineering, advanced technologies and impactful projects, we help our customers create a better, more sustainable future.<\/p>\t\t\t\t\t\t\t\t<\/div>\n\t\t\t\t<\/div>\n\t\t\t\t<div class=\"elementor-element elementor-element-421c2000 elementor-widget elementor-widget-button\" data-id=\"421c2000\" data-element_type=\"widget\" data-e-type=\"widget\" data-widget_type=\"button.default\">\n\t\t\t\t<div class=\"elementor-widget-container\">\n\t\t\t\t\t\t\t\t\t<div class=\"elementor-button-wrapper\">\n\t\t\t\t\t<a class=\"elementor-button elementor-button-link elementor-size-sm\" href=\"https:\/\/siera-alliance.com\/\">\n\t\t\t\t\t\t<span class=\"elementor-button-content-wrapper\">\n\t\t\t\t\t\t<span class=\"elementor-button-icon\">\n\t\t\t\t<i aria-hidden=\"true\" class=\"fas fa-external-link-alt\"><\/i>\t\t\t<\/span>\n\t\t\t\t\t\t\t\t\t<span class=\"elementor-button-text\">Learn more<\/span>\n\t\t\t\t\t<\/span>\n\t\t\t\t\t<\/a>\n\t\t\t\t<\/div>\n\t\t\t\t\t\t\t\t<\/div>\n\t\t\t\t<\/div>\n\t\t\t\t<\/div>\n\t\t<div class=\"elementor-element elementor-element-54c15256 e-con-full e-flex e-con e-child\" data-id=\"54c15256\" data-element_type=\"container\" data-e-type=\"container\">\n\t\t\t\t<div class=\"elementor-element elementor-element-16625ca1 elementor-widget__width-initial elementor-widget elementor-widget-image\" data-id=\"16625ca1\" data-element_type=\"widget\" data-e-type=\"widget\" data-widget_type=\"image.default\">\n\t\t\t\t<div class=\"elementor-widget-container\">\n\t\t\t\t\t\t\t\t\t\t\t\t\t\t\t<img fetchpriority=\"high\" decoding=\"async\" width=\"1024\" height=\"492\" src=\"https:\/\/burmeier-ingenieure.de\/wp-content\/uploads\/2025\/07\/Corporate-Sustainability-Blog-Posts-1-1024x492.webp\" class=\"attachment-large size-large wp-image-21761\" alt=\"\" srcset=\"https:\/\/burmeier-ingenieure.de\/wp-content\/uploads\/2025\/07\/Corporate-Sustainability-Blog-Posts-1-1024x492.webp 1024w, https:\/\/burmeier-ingenieure.de\/wp-content\/uploads\/2025\/07\/Corporate-Sustainability-Blog-Posts-1-300x144.webp 300w, https:\/\/burmeier-ingenieure.de\/wp-content\/uploads\/2025\/07\/Corporate-Sustainability-Blog-Posts-1-768x369.webp 768w, https:\/\/burmeier-ingenieure.de\/wp-content\/uploads\/2025\/07\/Corporate-Sustainability-Blog-Posts-1-18x9.webp 18w, https:\/\/burmeier-ingenieure.de\/wp-content\/uploads\/2025\/07\/Corporate-Sustainability-Blog-Posts-1.webp 1250w\" sizes=\"(max-width: 1024px) 100vw, 1024px\" \/>\t\t\t\t\t\t\t\t\t\t\t\t\t\t\t<\/div>\n\t\t\t\t<\/div>\n\t\t\t\t<div class=\"elementor-element elementor-element-7c1d52f9 elementor-widget__width-initial elementor-absolute elementor-widget elementor-widget-image\" data-id=\"7c1d52f9\" data-element_type=\"widget\" data-e-type=\"widget\" data-settings=\"{&quot;_position&quot;:&quot;absolute&quot;}\" data-widget_type=\"image.default\">\n\t\t\t\t<div class=\"elementor-widget-container\">\n\t\t\t\t\t\t\t\t\t\t\t\t\t\t\t<img decoding=\"async\" width=\"1024\" height=\"683\" src=\"https:\/\/burmeier-ingenieure.de\/wp-content\/uploads\/2025\/07\/realistic-water-drop-with-ecosystem-scaled-1-1024x683.jpg\" class=\"attachment-large size-large wp-image-21762\" alt=\"\" srcset=\"https:\/\/burmeier-ingenieure.de\/wp-content\/uploads\/2025\/07\/realistic-water-drop-with-ecosystem-scaled-1-1024x683.jpg 1024w, https:\/\/burmeier-ingenieure.de\/wp-content\/uploads\/2025\/07\/realistic-water-drop-with-ecosystem-scaled-1-300x200.jpg 300w, https:\/\/burmeier-ingenieure.de\/wp-content\/uploads\/2025\/07\/realistic-water-drop-with-ecosystem-scaled-1-768x512.jpg 768w, https:\/\/burmeier-ingenieure.de\/wp-content\/uploads\/2025\/07\/realistic-water-drop-with-ecosystem-scaled-1-18x12.jpg 18w, https:\/\/burmeier-ingenieure.de\/wp-content\/uploads\/2025\/07\/realistic-water-drop-with-ecosystem-scaled-1.jpg 1350w\" sizes=\"(max-width: 1024px) 100vw, 1024px\" \/>\t\t\t\t\t\t\t\t\t\t\t\t\t\t\t<\/div>\n\t\t\t\t<\/div>\n\t\t\t\t<\/div>\n\t\t\t\t<\/div>\n\t\t<div class=\"elementor-element elementor-element-7b8c7afe e-con-full e-flex e-con e-parent\" data-id=\"7b8c7afe\" data-element_type=\"container\" data-e-type=\"container\">\n\t\t\t\t<div class=\"elementor-element elementor-element-67d04f03 elementor-widget elementor-widget-heading\" data-id=\"67d04f03\" data-element_type=\"widget\" data-e-type=\"widget\" data-widget_type=\"heading.default\">\n\t\t\t\t<div class=\"elementor-widget-container\">\n\t\t\t\t\t<h3 class=\"elementor-heading-title elementor-size-default\">SIERA Alliance - Engineering for a Better Tomorrow<\/h3>\t\t\t\t<\/div>\n\t\t\t\t<\/div>\n\t\t\t\t<\/div>\n\t\t<div class=\"elementor-element elementor-element-7e8d4b95 e-con-full e-flex e-con e-parent\" data-id=\"7e8d4b95\" data-element_type=\"container\" data-e-type=\"container\">\n\t\t\t\t<div class=\"elementor-element elementor-element-788bbb30 section-title elementor-invisible elementor-widget elementor-widget-wd_text_block\" data-id=\"788bbb30\" data-element_type=\"widget\" data-e-type=\"widget\" data-settings=\"{&quot;_animation&quot;:&quot;fadeInUp&quot;}\" data-widget_type=\"wd_text_block.default\">\n\t\t\t\t<div class=\"elementor-widget-container\">\n\t\t\t\t\t\t\t<div class=\"wd-text-block reset-last-child text-left\">\n\t\t\t\n\t\t\t<h2 style=\"color: #38344d; text-align: center;\"><span class=\"#boxfirst #boxnormal\">O<\/span>ur <span class=\"color-primary\">Values<\/span><\/h2>\n\t\t\t\t\t<\/div>\n\t\t\t\t\t\t<\/div>\n\t\t\t\t<\/div>\n\t\t<div class=\"elementor-element elementor-element-2dbe0c75 e-con-full e-flex e-con e-child\" data-id=\"2dbe0c75\" data-element_type=\"container\" data-e-type=\"container\">\n\t\t\t\t<div class=\"elementor-element elementor-element-330d3e42 elementor-widget__width-initial elementor-widget elementor-widget-icon-box\" data-id=\"330d3e42\" data-element_type=\"widget\" data-e-type=\"widget\" data-widget_type=\"icon-box.default\">\n\t\t\t\t<div class=\"elementor-widget-container\">\n\t\t\t\t\t\t\t<div class=\"elementor-icon-box-wrapper\">\n\n\t\t\t\n\t\t\t\t\t\t<div class=\"elementor-icon-box-content\">\n\n\t\t\t\t\t\t\t\t\t<h3 class=\"elementor-icon-box-title\">\n\t\t\t\t\t\t<span  >\n\t\t\t\t\t\t\tIntegrity \t\t\t\t\t\t<\/span>\n\t\t\t\t\t<\/h3>\n\t\t\t\t\n\t\t\t\t\t\t\t\t\t<p class=\"elementor-icon-box-description\">\n\t\t\t\t\t\tEthical, honest and responsible behaviour in everything we do.\t\t\t\t\t<\/p>\n\t\t\t\t\n\t\t\t<\/div>\n\t\t\t\n\t\t<\/div>\n\t\t\t\t\t\t<\/div>\n\t\t\t\t<\/div>\n\t\t\t\t<div class=\"elementor-element elementor-element-21ba0ff elementor-widget__width-initial elementor-widget elementor-widget-icon-box\" data-id=\"21ba0ff\" data-element_type=\"widget\" data-e-type=\"widget\" data-widget_type=\"icon-box.default\">\n\t\t\t\t<div class=\"elementor-widget-container\">\n\t\t\t\t\t\t\t<div class=\"elementor-icon-box-wrapper\">\n\n\t\t\t\n\t\t\t\t\t\t<div class=\"elementor-icon-box-content\">\n\n\t\t\t\t\t\t\t\t\t<h3 class=\"elementor-icon-box-title\">\n\t\t\t\t\t\t<span  >\n\t\t\t\t\t\t\tDiversity\t\t\t\t\t\t<\/span>\n\t\t\t\t\t<\/h3>\n\t\t\t\t\n\t\t\t\t\t\t\t\t\t<p class=\"elementor-icon-box-description\">\n\t\t\t\t\t\tPromoting an inclusive and fair working environment.\t\t\t\t\t<\/p>\n\t\t\t\t\n\t\t\t<\/div>\n\t\t\t\n\t\t<\/div>\n\t\t\t\t\t\t<\/div>\n\t\t\t\t<\/div>\n\t\t\t\t<div class=\"elementor-element elementor-element-6c6b9c68 elementor-widget__width-initial elementor-widget elementor-widget-icon-box\" data-id=\"6c6b9c68\" data-element_type=\"widget\" data-e-type=\"widget\" data-widget_type=\"icon-box.default\">\n\t\t\t\t<div class=\"elementor-widget-container\">\n\t\t\t\t\t\t\t<div class=\"elementor-icon-box-wrapper\">\n\n\t\t\t\n\t\t\t\t\t\t<div class=\"elementor-icon-box-content\">\n\n\t\t\t\t\t\t\t\t\t<h3 class=\"elementor-icon-box-title\">\n\t\t\t\t\t\t<span  >\n\t\t\t\t\t\t\tCooperation\t\t\t\t\t\t<\/span>\n\t\t\t\t\t<\/h3>\n\t\t\t\t\n\t\t\t\t\t\t\t\t\t<p class=\"elementor-icon-box-description\">\n\t\t\t\t\t\tSeamless working across teams, companies and partners.\t\t\t\t\t<\/p>\n\t\t\t\t\n\t\t\t<\/div>\n\t\t\t\n\t\t<\/div>\n\t\t\t\t\t\t<\/div>\n\t\t\t\t<\/div>\n\t\t\t\t<div class=\"elementor-element elementor-element-341381a3 elementor-widget__width-initial elementor-widget elementor-widget-icon-box\" data-id=\"341381a3\" data-element_type=\"widget\" data-e-type=\"widget\" data-widget_type=\"icon-box.default\">\n\t\t\t\t<div class=\"elementor-widget-container\">\n\t\t\t\t\t\t\t<div class=\"elementor-icon-box-wrapper\">\n\n\t\t\t\n\t\t\t\t\t\t<div class=\"elementor-icon-box-content\">\n\n\t\t\t\t\t\t\t\t\t<h3 class=\"elementor-icon-box-title\">\n\t\t\t\t\t\t<span  >\n\t\t\t\t\t\t\tRealisation power\t\t\t\t\t\t<\/span>\n\t\t\t\t\t<\/h3>\n\t\t\t\t\n\t\t\t\t\t\t\t\t\t<p class=\"elementor-icon-box-description\">\n\t\t\t\t\t\tPersonal responsibility and results-orientation strengthen our teams.\t\t\t\t\t<\/p>\n\t\t\t\t\n\t\t\t<\/div>\n\t\t\t\n\t\t<\/div>\n\t\t\t\t\t\t<\/div>\n\t\t\t\t<\/div>\n\t\t\t\t<div class=\"elementor-element elementor-element-23e5b23a elementor-widget__width-initial elementor-widget elementor-widget-icon-box\" data-id=\"23e5b23a\" data-element_type=\"widget\" data-e-type=\"widget\" data-widget_type=\"icon-box.default\">\n\t\t\t\t<div class=\"elementor-widget-container\">\n\t\t\t\t\t\t\t<div class=\"elementor-icon-box-wrapper\">\n\n\t\t\t\n\t\t\t\t\t\t<div class=\"elementor-icon-box-content\">\n\n\t\t\t\t\t\t\t\t\t<h3 class=\"elementor-icon-box-title\">\n\t\t\t\t\t\t<span  >\n\t\t\t\t\t\t\tPerformance orientation\t\t\t\t\t\t<\/span>\n\t\t\t\t\t<\/h3>\n\t\t\t\t\n\t\t\t\t\t\t\t\t\t<p class=\"elementor-icon-box-description\">\n\t\t\t\t\t\tRecognition of successes and continuous development.\t\t\t\t\t<\/p>\n\t\t\t\t\n\t\t\t<\/div>\n\t\t\t\n\t\t<\/div>\n\t\t\t\t\t\t<\/div>\n\t\t\t\t<\/div>\n\t\t\t\t<div class=\"elementor-element elementor-element-5ecdac65 elementor-widget__width-initial elementor-widget elementor-widget-icon-box\" data-id=\"5ecdac65\" data-element_type=\"widget\" data-e-type=\"widget\" data-widget_type=\"icon-box.default\">\n\t\t\t\t<div class=\"elementor-widget-container\">\n\t\t\t\t\t\t\t<div class=\"elementor-icon-box-wrapper\">\n\n\t\t\t\n\t\t\t\t\t\t<div class=\"elementor-icon-box-content\">\n\n\t\t\t\t\t\t\t\t\t<h3 class=\"elementor-icon-box-title\">\n\t\t\t\t\t\t<span  >\n\t\t\t\t\t\t\tRespect\t\t\t\t\t\t<\/span>\n\t\t\t\t\t<\/h3>\n\t\t\t\t\n\t\t\t\t\t\t\t\t\t<p class=\"elementor-icon-box-description\">\n\t\t\t\t\t\tAppreciation of people, nature and society.\t\t\t\t\t<\/p>\n\t\t\t\t\n\t\t\t<\/div>\n\t\t\t\n\t\t<\/div>\n\t\t\t\t\t\t<\/div>\n\t\t\t\t<\/div>\n\t\t\t\t<div class=\"elementor-element elementor-element-73ab7fab elementor-widget__width-initial elementor-widget elementor-widget-icon-box\" data-id=\"73ab7fab\" data-element_type=\"widget\" data-e-type=\"widget\" data-widget_type=\"icon-box.default\">\n\t\t\t\t<div class=\"elementor-widget-container\">\n\t\t\t\t\t\t\t<div class=\"elementor-icon-box-wrapper\">\n\n\t\t\t\n\t\t\t\t\t\t<div class=\"elementor-icon-box-content\">\n\n\t\t\t\t\t\t\t\t\t<h3 class=\"elementor-icon-box-title\">\n\t\t\t\t\t\t<span  >\n\t\t\t\t\t\t\tAgility\t\t\t\t\t\t<\/span>\n\t\t\t\t\t<\/h3>\n\t\t\t\t\n\t\t\t\t\t\t\t\t\t<p class=\"elementor-icon-box-description\">\n\t\t\t\t\t\tRapid adaptability with customer-centred, efficient processes.\t\t\t\t\t<\/p>\n\t\t\t\t\n\t\t\t<\/div>\n\t\t\t\n\t\t<\/div>\n\t\t\t\t\t\t<\/div>\n\t\t\t\t<\/div>\n\t\t\t\t<div class=\"elementor-element elementor-element-554ccc7f elementor-widget__width-initial elementor-widget elementor-widget-icon-box\" data-id=\"554ccc7f\" data-element_type=\"widget\" data-e-type=\"widget\" data-widget_type=\"icon-box.default\">\n\t\t\t\t<div class=\"elementor-widget-container\">\n\t\t\t\t\t\t\t<div class=\"elementor-icon-box-wrapper\">\n\n\t\t\t\n\t\t\t\t\t\t<div class=\"elementor-icon-box-content\">\n\n\t\t\t\t\t\t\t\t\t<h3 class=\"elementor-icon-box-title\">\n\t\t\t\t\t\t<span  >\n\t\t\t\t\t\t\tInnovation\t\t\t\t\t\t<\/span>\n\t\t\t\t\t<\/h3>\n\t\t\t\t\n\t\t\t\t\t\t\t\t\t<p class=\"elementor-icon-box-description\">\n\t\t\t\t\t\tPioneering work in engineering methods, technologies and services.\t\t\t\t\t<\/p>\n\t\t\t\t\n\t\t\t<\/div>\n\t\t\t\n\t\t<\/div>\n\t\t\t\t\t\t<\/div>\n\t\t\t\t<\/div>\n\t\t\t\t<\/div>\n\t\t\t\t<\/div>\n\t\t<div class=\"elementor-element elementor-element-4e99c06f e-con-full e-flex e-con e-parent\" data-id=\"4e99c06f\" data-element_type=\"container\" data-e-type=\"container\">\n\t\t<div class=\"elementor-element elementor-element-4aa58351 e-con-full e-flex e-con e-child\" data-id=\"4aa58351\" data-element_type=\"container\" data-e-type=\"container\" data-settings=\"{&quot;background_background&quot;:&quot;classic&quot;}\">\n\t\t\t\t<div class=\"elementor-element elementor-element-7611b29b elementor-widget elementor-widget-heading\" data-id=\"7611b29b\" data-element_type=\"widget\" data-e-type=\"widget\" data-widget_type=\"heading.default\">\n\t\t\t\t<div class=\"elementor-widget-container\">\n\t\t\t\t\t<h3 class=\"elementor-heading-title elementor-size-default\">Vision<\/h3>\t\t\t\t<\/div>\n\t\t\t\t<\/div>\n\t\t\t\t<div class=\"elementor-element elementor-element-2f9b93ce color-scheme-inherit text-left elementor-widget elementor-widget-text-editor\" data-id=\"2f9b93ce\" data-element_type=\"widget\" data-e-type=\"widget\" data-widget_type=\"text-editor.default\">\n\t\t\t\t<div class=\"elementor-widget-container\">\n\t\t\t\t\t\t\t\t\t<p>The SIERA Alliance envisions a future where sustainable solutions are driven by innovation, responsibility and collaboration. Together, we tackle global challenges and create lasting positive change through a shared vision - restoring the balance between nature, society and technology for a resilient and sustainable future, always true to the motto \u201eEngineering for a Better Tomorrow\u201c.<\/p>\t\t\t\t\t\t\t\t<\/div>\n\t\t\t\t<\/div>\n\t\t\t\t<\/div>\n\t\t<div class=\"elementor-element elementor-element-40716a2a e-con-full e-flex e-con e-child\" data-id=\"40716a2a\" data-element_type=\"container\" data-e-type=\"container\" data-settings=\"{&quot;background_background&quot;:&quot;classic&quot;}\">\n\t\t\t\t<div class=\"elementor-element elementor-element-b8dc086 elementor-widget elementor-widget-heading\" data-id=\"b8dc086\" data-element_type=\"widget\" data-e-type=\"widget\" data-widget_type=\"heading.default\">\n\t\t\t\t<div class=\"elementor-widget-container\">\n\t\t\t\t\t<h3 class=\"elementor-heading-title elementor-size-default\">Order<\/h3>\t\t\t\t<\/div>\n\t\t\t\t<\/div>\n\t\t\t\t<div class=\"elementor-element elementor-element-3e52b2a6 color-scheme-inherit text-left elementor-widget elementor-widget-text-editor\" data-id=\"3e52b2a6\" data-element_type=\"widget\" data-e-type=\"widget\" data-widget_type=\"text-editor.default\">\n\t\t\t\t<div class=\"elementor-widget-container\">\n\t\t\t\t\t\t\t\t\t<p>The SIERA Alliance is a coalition of forward-thinking environmental engineering companies committed to transformative environmental solutions to combat climate change, environmental degradation and socio-economic inequality. With our shared commitment to innovation and sustainability, we work together to empower businesses and communities and promote a better, more sustainable future for all, always true to the motto \u201eEngineering for a Better Tomorrow\u201c.<\/p>\t\t\t\t\t\t\t\t<\/div>\n\t\t\t\t<\/div>\n\t\t\t\t<\/div>\n\t\t\t\t<\/div>\n\t\t\t\t<\/div>","protected":false},"excerpt":{"rendered":"<p>\u00dcber SIERA Allianz SIERA Allianz ist ein Zusammenschluss f\u00fchrender Unternehmen, die auf Umweltingenieurwesen spezialisiert sind. Gemeinsam setzen wir uns daf\u00fcr<\/p>","protected":false},"author":125,"featured_media":0,"parent":0,"menu_order":0,"comment_status":"closed","ping_status":"closed","template":"elementor_header_footer","meta":{"footnotes":""},"class_list":["post-21758","page","type-page","status-publish","hentry"],"yoast_head":"<!-- This site is optimized with the Yoast SEO plugin v27.2 - https:\/\/yoast.com\/product\/yoast-seo-wordpress\/ -->\n<title>SIERA Allianz - Prof. Burmeier Ingenieurgesellschaft mbH<\/title>\n<meta name=\"robots\" content=\"index, follow, max-snippet:-1, max-image-preview:large, max-video-preview:-1\" \/>\n<link rel=\"canonical\" href=\"https:\/\/burmeier-ingenieure.de\/en\/siera-alliance\/\" \/>\n<meta property=\"og:locale\" content=\"en_GB\" \/>\n<meta property=\"og:type\" content=\"article\" \/>\n<meta property=\"og:title\" content=\"SIERA Allianz - Prof. Burmeier Ingenieurgesellschaft mbH\" \/>\n<meta property=\"og:description\" content=\"\u00dcber SIERA Allianz SIERA Allianz ist ein Zusammenschluss f\u00fchrender Unternehmen, die auf Umweltingenieurwesen spezialisiert sind. Gemeinsam setzen wir uns daf\u00fcr\" \/>\n<meta property=\"og:url\" content=\"https:\/\/burmeier-ingenieure.de\/en\/siera-alliance\/\" \/>\n<meta property=\"og:site_name\" content=\"Prof. Burmeier Ingenieurgesellschaft mbH\" \/>\n<meta property=\"article:modified_time\" content=\"2025-10-01T07:44:01+00:00\" \/>\n<meta property=\"og:image\" content=\"https:\/\/burmeier-ingenieure.de\/wp-content\/uploads\/2025\/07\/Corporate-Sustainability-Blog-Posts-1.webp\" \/>\n\t<meta property=\"og:image:width\" content=\"1250\" \/>\n\t<meta property=\"og:image:height\" content=\"600\" \/>\n\t<meta property=\"og:image:type\" content=\"image\/webp\" \/>\n<meta name=\"twitter:card\" content=\"summary_large_image\" \/>\n<meta name=\"twitter:label1\" content=\"Estimated reading time\" \/>\n\t<meta name=\"twitter:data1\" content=\"2 minutes\" \/>\n<script type=\"application\/ld+json\" class=\"yoast-schema-graph\">{\"@context\":\"https:\/\/schema.org\",\"@graph\":[{\"@type\":\"WebPage\",\"@id\":\"https:\/\/burmeier-ingenieure.de\/siera-alliance\/\",\"url\":\"https:\/\/burmeier-ingenieure.de\/siera-alliance\/\",\"name\":\"SIERA Allianz - Prof. Burmeier Ingenieurgesellschaft mbH\",\"isPartOf\":{\"@id\":\"https:\/\/burmeier-ingenieure.de\/en\/#website\"},\"primaryImageOfPage\":{\"@id\":\"https:\/\/burmeier-ingenieure.de\/siera-alliance\/#primaryimage\"},\"image\":{\"@id\":\"https:\/\/burmeier-ingenieure.de\/siera-alliance\/#primaryimage\"},\"thumbnailUrl\":\"https:\/\/burmeier-ingenieure.de\/wp-content\/uploads\/2025\/07\/Corporate-Sustainability-Blog-Posts-1-1024x492.webp\",\"datePublished\":\"2025-07-29T11:12:44+00:00\",\"dateModified\":\"2025-10-01T07:44:01+00:00\",\"breadcrumb\":{\"@id\":\"https:\/\/burmeier-ingenieure.de\/siera-alliance\/#breadcrumb\"},\"inLanguage\":\"en-GB\",\"potentialAction\":[{\"@type\":\"ReadAction\",\"target\":[\"https:\/\/burmeier-ingenieure.de\/siera-alliance\/\"]}]},{\"@type\":\"ImageObject\",\"inLanguage\":\"en-GB\",\"@id\":\"https:\/\/burmeier-ingenieure.de\/siera-alliance\/#primaryimage\",\"url\":\"https:\/\/burmeier-ingenieure.de\/wp-content\/uploads\/2025\/07\/Corporate-Sustainability-Blog-Posts-1-1024x492.webp\",\"contentUrl\":\"https:\/\/burmeier-ingenieure.de\/wp-content\/uploads\/2025\/07\/Corporate-Sustainability-Blog-Posts-1-1024x492.webp\"},{\"@type\":\"BreadcrumbList\",\"@id\":\"https:\/\/burmeier-ingenieure.de\/siera-alliance\/#breadcrumb\",\"itemListElement\":[{\"@type\":\"ListItem\",\"position\":1,\"name\":\"Startseite\",\"item\":\"https:\/\/burmeier-ingenieure.de\/\"},{\"@type\":\"ListItem\",\"position\":2,\"name\":\"SIERA Allianz\"}]},{\"@type\":\"WebSite\",\"@id\":\"https:\/\/burmeier-ingenieure.de\/en\/#website\",\"url\":\"https:\/\/burmeier-ingenieure.de\/en\/\",\"name\":\"Prof. Burmeier Ingenieurgesellschaft mbH\",\"description\":\"Partner for public clients and commercial enterprises\",\"potentialAction\":[{\"@type\":\"SearchAction\",\"target\":{\"@type\":\"EntryPoint\",\"urlTemplate\":\"https:\/\/burmeier-ingenieure.de\/en\/?s={search_term_string}\"},\"query-input\":{\"@type\":\"PropertyValueSpecification\",\"valueRequired\":true,\"valueName\":\"search_term_string\"}}],\"inLanguage\":\"en-GB\"}]}<\/script>\n<!-- \/ Yoast SEO plugin. -->","yoast_head_json":{"title":"SIERA Allianz - Prof. Burmeier Ingenieurgesellschaft mbH","robots":{"index":"index","follow":"follow","max-snippet":"max-snippet:-1","max-image-preview":"max-image-preview:large","max-video-preview":"max-video-preview:-1"},"canonical":"https:\/\/burmeier-ingenieure.de\/en\/siera-alliance\/","og_locale":"en_GB","og_type":"article","og_title":"SIERA Allianz - Prof. Burmeier Ingenieurgesellschaft mbH","og_description":"\u00dcber SIERA Allianz SIERA Allianz ist ein Zusammenschluss f\u00fchrender Unternehmen, die auf Umweltingenieurwesen spezialisiert sind. Gemeinsam setzen wir uns daf\u00fcr","og_url":"https:\/\/burmeier-ingenieure.de\/en\/siera-alliance\/","og_site_name":"Prof. Burmeier Ingenieurgesellschaft mbH","article_modified_time":"2025-10-01T07:44:01+00:00","og_image":[{"width":1250,"height":600,"url":"https:\/\/burmeier-ingenieure.de\/wp-content\/uploads\/2025\/07\/Corporate-Sustainability-Blog-Posts-1.webp","type":"image\/webp"}],"twitter_card":"summary_large_image","twitter_misc":{"Estimated reading time":"2 minutes"},"schema":{"@context":"https:\/\/schema.org","@graph":[{"@type":"WebPage","@id":"https:\/\/burmeier-ingenieure.de\/siera-alliance\/","url":"https:\/\/burmeier-ingenieure.de\/siera-alliance\/","name":"SIERA Allianz - Prof. Burmeier Ingenieurgesellschaft mbH","isPartOf":{"@id":"https:\/\/burmeier-ingenieure.de\/en\/#website"},"primaryImageOfPage":{"@id":"https:\/\/burmeier-ingenieure.de\/siera-alliance\/#primaryimage"},"image":{"@id":"https:\/\/burmeier-ingenieure.de\/siera-alliance\/#primaryimage"},"thumbnailUrl":"https:\/\/burmeier-ingenieure.de\/wp-content\/uploads\/2025\/07\/Corporate-Sustainability-Blog-Posts-1-1024x492.webp","datePublished":"2025-07-29T11:12:44+00:00","dateModified":"2025-10-01T07:44:01+00:00","breadcrumb":{"@id":"https:\/\/burmeier-ingenieure.de\/siera-alliance\/#breadcrumb"},"inLanguage":"en-GB","potentialAction":[{"@type":"ReadAction","target":["https:\/\/burmeier-ingenieure.de\/siera-alliance\/"]}]},{"@type":"ImageObject","inLanguage":"en-GB","@id":"https:\/\/burmeier-ingenieure.de\/siera-alliance\/#primaryimage","url":"https:\/\/burmeier-ingenieure.de\/wp-content\/uploads\/2025\/07\/Corporate-Sustainability-Blog-Posts-1-1024x492.webp","contentUrl":"https:\/\/burmeier-ingenieure.de\/wp-content\/uploads\/2025\/07\/Corporate-Sustainability-Blog-Posts-1-1024x492.webp"},{"@type":"BreadcrumbList","@id":"https:\/\/burmeier-ingenieure.de\/siera-alliance\/#breadcrumb","itemListElement":[{"@type":"ListItem","position":1,"name":"Startseite","item":"https:\/\/burmeier-ingenieure.de\/"},{"@type":"ListItem","position":2,"name":"SIERA Allianz"}]},{"@type":"WebSite","@id":"https:\/\/burmeier-ingenieure.de\/en\/#website","url":"https:\/\/burmeier-ingenieure.de\/en\/","name":"Prof. Burmeier Ingenieurgesellschaft mbH","description":"Partner for public clients and commercial enterprises","potentialAction":[{"@type":"SearchAction","target":{"@type":"EntryPoint","urlTemplate":"https:\/\/burmeier-ingenieure.de\/en\/?s={search_term_string}"},"query-input":{"@type":"PropertyValueSpecification","valueRequired":true,"valueName":"search_term_string"}}],"inLanguage":"en-GB"}]}},"_links":{"self":[{"href":"https:\/\/burmeier-ingenieure.de\/en\/wp-json\/wp\/v2\/pages\/21758","targetHints":{"allow":["GET"]}}],"collection":[{"href":"https:\/\/burmeier-ingenieure.de\/en\/wp-json\/wp\/v2\/pages"}],"about":[{"href":"https:\/\/burmeier-ingenieure.de\/en\/wp-json\/wp\/v2\/types\/page"}],"author":[{"embeddable":true,"href":"https:\/\/burmeier-ingenieure.de\/en\/wp-json\/wp\/v2\/users\/125"}],"replies":[{"embeddable":true,"href":"https:\/\/burmeier-ingenieure.de\/en\/wp-json\/wp\/v2\/comments?post=21758"}],"version-history":[{"count":19,"href":"https:\/\/burmeier-ingenieure.de\/en\/wp-json\/wp\/v2\/pages\/21758\/revisions"}],"predecessor-version":[{"id":21863,"href":"https:\/\/burmeier-ingenieure.de\/en\/wp-json\/wp\/v2\/pages\/21758\/revisions\/21863"}],"wp:attachment":[{"href":"https:\/\/burmeier-ingenieure.de\/en\/wp-json\/wp\/v2\/media?parent=21758"}],"curies":[{"name":"wp","href":"https:\/\/api.w.org\/{rel}","templated":true}]}}