{"id":17264,"date":"2022-09-06T09:45:07","date_gmt":"2022-09-06T09:45:07","guid":{"rendered":"https:\/\/burmeier-ingenieure-de-wordpress.rz.mup-digital.com\/?page_id=17264"},"modified":"2024-09-11T06:08:23","modified_gmt":"2024-09-11T06:08:23","slug":"rueckbau-und-abfallmanagement","status":"publish","type":"page","link":"https:\/\/burmeier-ingenieure.de\/en\/rueckbau-und-abfallmanagement\/","title":{"rendered":"Dismantling and waste management"},"content":{"rendered":"<div data-elementor-type=\"wp-page\" data-elementor-id=\"17264\" class=\"elementor elementor-17264\" data-elementor-post-type=\"page\">\n\t\t\t\t\t\t<section class=\"elementor-section elementor-top-section elementor-element elementor-element-257b1d23 elementor-section-full_width elementor-section-height-min-height wd-section-stretch-content firstheadersection elementor-section-height-default elementor-section-items-middle\" data-id=\"257b1d23\" data-element_type=\"section\" data-e-type=\"section\" data-settings=\"{&quot;background_background&quot;:&quot;classic&quot;}\">\n\t\t\t\t\t\t<div class=\"elementor-container elementor-column-gap-default\">\n\t\t\t\t\t<div class=\"elementor-column elementor-col-100 elementor-top-column elementor-element elementor-element-9040c5\" data-id=\"9040c5\" data-element_type=\"column\" data-e-type=\"column\">\n\t\t\t<div class=\"elementor-widget-wrap elementor-element-populated\">\n\t\t\t\t\t\t<div class=\"elementor-element elementor-element-78e2667 elementor-widget elementor-widget-wd_text_block\" data-id=\"78e2667\" data-element_type=\"widget\" data-e-type=\"widget\" data-widget_type=\"wd_text_block.default\">\n\t\t\t\t<div class=\"elementor-widget-container\">\n\t\t\t\t\t\t\t\t<link rel=\"stylesheet\" id=\"wd-text-block-css\" href=\"https:\/\/burmeier-ingenieure.de\/wp-content\/themes\/woodmart\/css\/parts\/el-text-block.min.css?ver=6.2.1\" type=\"text\/css\" media=\"all\" \/> \t\t\t\t\t<div class=\"wd-text-block reset-last-child text-left\">\n\t\t\t\n\t\t\t<h2>Dismantling and waste management<\/h2>\n\t\t\t\t\t<\/div>\n\t\t\t\t\t\t<\/div>\n\t\t\t\t<\/div>\n\t\t\t\t<div class=\"elementor-element elementor-element-3257628 mupsignimg elementor-widget elementor-widget-wd_image_or_svg\" data-id=\"3257628\" data-element_type=\"widget\" data-e-type=\"widget\" data-widget_type=\"wd_image_or_svg.default\">\n\t\t\t\t<div class=\"elementor-widget-container\">\n\t\t\t\t\t\n\t\t<div class=\"wd-image text-right\">\n\t\t\t\t\t\t\t\t<img fetchpriority=\"high\" decoding=\"async\" width=\"500\" height=\"138\" src=\"https:\/\/burmeier-ingenieure.de\/wp-content\/uploads\/2023\/11\/Asset-1@3x-1.png\" class=\"attachment-full size-full wp-image-21383\" alt=\"\" srcset=\"https:\/\/burmeier-ingenieure.de\/wp-content\/uploads\/2023\/11\/Asset-1@3x-1.png 500w, https:\/\/burmeier-ingenieure.de\/wp-content\/uploads\/2023\/11\/Asset-1@3x-1-300x83.png 300w, https:\/\/burmeier-ingenieure.de\/wp-content\/uploads\/2023\/11\/Asset-1@3x-1-18x5.png 18w\" sizes=\"(max-width: 500px) 100vw, 500px\" \/>\t\t\t\t\t<\/div>\n\n\t\t\t\t\t\t<\/div>\n\t\t\t\t<\/div>\n\t\t\t\t\t<\/div>\n\t\t<\/div>\n\t\t\t\t\t<\/div>\n\t\t<\/section>\n\t\t\t\t<section class=\"elementor-section elementor-top-section elementor-element elementor-element-164f3328 expertisesinglepage elementor-section-boxed elementor-section-height-default elementor-section-height-default wd-section-disabled\" data-id=\"164f3328\" data-element_type=\"section\" data-e-type=\"section\" id=\"umeltscrollsection\">\n\t\t\t\t\t\t<div class=\"elementor-container elementor-column-gap-default\">\n\t\t\t\t\t<div class=\"elementor-column elementor-col-100 elementor-top-column elementor-element elementor-element-75376bc7\" data-id=\"75376bc7\" data-element_type=\"column\" data-e-type=\"column\">\n\t\t\t<div class=\"elementor-widget-wrap elementor-element-populated\">\n\t\t\t\t\t\t<div class=\"elementor-element elementor-element-23136a2e section-title elementor-hidden-mobile elementor-widget elementor-widget-wd_text_block\" data-id=\"23136a2e\" data-element_type=\"widget\" data-e-type=\"widget\" data-widget_type=\"wd_text_block.default\">\n\t\t\t\t<div class=\"elementor-widget-container\">\n\t\t\t\t\t\t\t<div class=\"wd-text-block reset-last-child text-left\">\n\t\t\t\n\t\t\t<h2 style=\"text-align: center;\"><span class=\"boxfirst boxnormal\">R\u00fc<\/span>ck construction and <span class=\"color-primary\">Waste management<\/span><\/h2>\n\t\t\t\t\t<\/div>\n\t\t\t\t\t\t<\/div>\n\t\t\t\t<\/div>\n\t\t\t\t<div class=\"elementor-element elementor-element-6cb5d43 elementor-widget elementor-widget-spacer\" data-id=\"6cb5d43\" data-element_type=\"widget\" data-e-type=\"widget\" data-widget_type=\"spacer.default\">\n\t\t\t\t<div class=\"elementor-widget-container\">\n\t\t\t\t\t\t\t<div class=\"elementor-spacer\">\n\t\t\t<div class=\"elementor-spacer-inner\"><\/div>\n\t\t<\/div>\n\t\t\t\t\t\t<\/div>\n\t\t\t\t<\/div>\n\t\t\t\t<div class=\"elementor-element elementor-element-6f490a4 elementor-widget elementor-widget-wd_tabs\" data-id=\"6f490a4\" data-element_type=\"widget\" data-e-type=\"widget\" data-widget_type=\"wd_tabs.default\">\n\t\t\t\t<div class=\"elementor-widget-container\">\n\t\t\t\t\t\t\t\t<link rel=\"stylesheet\" id=\"wd-tabs-css\" href=\"https:\/\/burmeier-ingenieure.de\/wp-content\/themes\/woodmart\/css\/parts\/el-tabs.min.css?ver=6.2.1\" type=\"text\/css\" media=\"all\" \/> \t\t\t\t\t<div class=\"wd-tabs\">\n\t\t\t<div class=\"wd-nav-wrapper wd-nav-tabs-wrapper text-center\">\n\t\t\t\t<ul class=\"wd-nav wd-nav-tabs wd-icon-pos-left wd-style-default\">\n\t\t\t\t\t\t\t\t\t\t\t\n\t\t\t\t\t\t<li>\n\t\t\t\t\t\t\t<a href=\"#\" class=\"wd-nav-link\">\n\t\t\t\t\t\t\t\t\n\t\t\t\t\t\t\t\t<span class=\"nav-link-text wd-tabs-title\">\n\t\t\t\t\t\t\t\t\tSub Area1\t\t\t\t\t\t\t\t<\/span>\n\t\t\t\t\t\t\t<\/a>\n\t\t\t\t\t\t<\/li>\n\n\t\t\t\t\t\t\t\t\t<\/ul>\n\t\t\t<\/div>\n\n\t\t\t<div class=\"wd-tab-content-wrapper\">\n\t\t\t\t\t\t\t\t\t\t\t\t\t\t\n\t\t\t\t\t\n\t\t\t\t\t<div class=\"wd-tab-content wd-active wd-in\">\n\t\t\t\t\t\t\t\t\t\t\t\t\t<div >\n\t\t\t\t\t\t\t\tThe disposal of waste requires specific know-how in technical, administrative and legal matters. We have the necessary interdisciplinary expertise at a high level. For industrial and commercial waste, contaminated soils and other mineral waste, we develop disposal concepts and recycling strategies that meet the highest protection requirements and are economically beneficial at the same time.\n<br><br>\nIn the sensitive area of landfill construction, our range of services includes sound planning work, project management and monitoring of construction measures. The focus is on the closure of old landfills, the optimisation of operations at landfills that are currently still in operation, the rehabilitation of landfills and old deposits, and the construction of new landfills.\n<ul class=\"greylists\">\n \t<li>Building pollutant investigation<\/li>\n \t<li>Register of hazardous building substances<\/li>\n \t<li>Deconstruction planning and support<\/li>\n \t<li>Disposal concepts and recycling strategies<\/li>\n \t<li>Electronic Waste Record Procedure (eANV)<\/li>\n<\/ul>\n<div class=\"contactsec unknowncontractperson\">\n<div class=\"contactpersonname\"><img decoding=\"async\" src=\"\/wp-content\/uploads\/2022\/08\/Axel_Schulz_BIG_Prokurist.jpg\" \/><\/div>\n<div class=\"contactnamedes\">\n<h2 style=\"color: #385e9d !important;\">Contact Person<\/h2>\n<span class=\"subjarea\">Dismantling and waste management\n<\/span>\n<span class=\"actualnameperson\">Axel Schulz\n<\/span>\n\n<span class=\"emailline\"><img decoding=\"async\" src=\"\/wp-content\/uploads\/2023\/02\/email-2.png\" \/> <a href=\"mailto:big-h@burmeier-ingenieure.de\"> big-h@burmeier-ingenieure.de<\/a><\/span>\n\n<span class=\"emailline phonenoperson\"><img decoding=\"async\" src=\"\/wp-content\/uploads\/2023\/02\/phone-call.png\" \/> <a>\n+49 (0) 511 899 223 0\n<\/a><\/span>\n\n<\/div>\n<\/div>\t\t\t\t\t\t\t<\/div>\n\t\t\t\t\t\t\t\t\t\t\t<\/div>\n\n\t\t\t\t\t\t\t<\/div>\n\t\t<\/div>\n\t\t\t\t\t\t<\/div>\n\t\t\t\t<\/div>\n\t\t\t\t\t<\/div>\n\t\t<\/div>\n\t\t\t\t\t<\/div>\n\t\t<\/section>\n\t\t\t\t<\/div>","protected":false},"excerpt":{"rendered":"<p>Dismantling and waste management Dismantling and waste management Sub Area1 The disposal of waste requires specific expertise in technical, administrative and legal matters.<\/p>","protected":false},"author":120,"featured_media":0,"parent":0,"menu_order":0,"comment_status":"closed","ping_status":"closed","template":"","meta":{"footnotes":""},"class_list":["post-17264","page","type-page","status-publish","hentry"],"yoast_head":"<!-- This site is optimized with the Yoast SEO plugin v27.2 - https:\/\/yoast.com\/product\/yoast-seo-wordpress\/ -->\n<title>R\u00fcckbau und Abfallmanagement - Prof. Burmeier Ingenieurgesellschaft mbH<\/title>\n<meta name=\"robots\" content=\"index, follow, max-snippet:-1, max-image-preview:large, max-video-preview:-1\" \/>\n<link rel=\"canonical\" href=\"https:\/\/burmeier-ingenieure.de\/en\/rueckbau-und-abfallmanagement\/\" \/>\n<meta property=\"og:locale\" content=\"en_GB\" \/>\n<meta property=\"og:type\" content=\"article\" \/>\n<meta property=\"og:title\" content=\"R\u00fcckbau und Abfallmanagement - Prof. Burmeier Ingenieurgesellschaft mbH\" \/>\n<meta property=\"og:description\" content=\"R\u00fcckbau und Abfallmanagement R\u00fcckbau und Abfallmanagement Sub Area1 Die Entsorgung von Abf\u00e4llen erfordert spezifisches Know-how in technischen, administrativen und rechtlichen\" \/>\n<meta property=\"og:url\" content=\"https:\/\/burmeier-ingenieure.de\/en\/rueckbau-und-abfallmanagement\/\" \/>\n<meta property=\"og:site_name\" content=\"Prof. Burmeier Ingenieurgesellschaft mbH\" \/>\n<meta property=\"article:modified_time\" content=\"2024-09-11T06:08:23+00:00\" \/>\n<meta property=\"og:image\" content=\"https:\/\/burmeier-ingenieure.de\/wp-content\/uploads\/2023\/11\/Asset-1@3x-1.png\" \/>\n<meta name=\"twitter:card\" content=\"summary_large_image\" \/>\n<meta name=\"twitter:label1\" content=\"Estimated reading time\" \/>\n\t<meta name=\"twitter:data1\" content=\"2 minutes\" \/>\n<script type=\"application\/ld+json\" class=\"yoast-schema-graph\">{\"@context\":\"https:\/\/schema.org\",\"@graph\":[{\"@type\":\"WebPage\",\"@id\":\"https:\/\/burmeier-ingenieure.de\/rueckbau-und-abfallmanagement\/\",\"url\":\"https:\/\/burmeier-ingenieure.de\/rueckbau-und-abfallmanagement\/\",\"name\":\"R\u00fcckbau und Abfallmanagement - Prof. Burmeier Ingenieurgesellschaft mbH\",\"isPartOf\":{\"@id\":\"https:\/\/burmeier-ingenieure.de\/en\/#website\"},\"primaryImageOfPage\":{\"@id\":\"https:\/\/burmeier-ingenieure.de\/rueckbau-und-abfallmanagement\/#primaryimage\"},\"image\":{\"@id\":\"https:\/\/burmeier-ingenieure.de\/rueckbau-und-abfallmanagement\/#primaryimage\"},\"thumbnailUrl\":\"https:\/\/burmeier-ingenieure.de\/wp-content\/uploads\/2023\/11\/Asset-1@3x-1.png\",\"datePublished\":\"2022-09-06T09:45:07+00:00\",\"dateModified\":\"2024-09-11T06:08:23+00:00\",\"breadcrumb\":{\"@id\":\"https:\/\/burmeier-ingenieure.de\/rueckbau-und-abfallmanagement\/#breadcrumb\"},\"inLanguage\":\"en-GB\",\"potentialAction\":[{\"@type\":\"ReadAction\",\"target\":[\"https:\/\/burmeier-ingenieure.de\/rueckbau-und-abfallmanagement\/\"]}]},{\"@type\":\"ImageObject\",\"inLanguage\":\"en-GB\",\"@id\":\"https:\/\/burmeier-ingenieure.de\/rueckbau-und-abfallmanagement\/#primaryimage\",\"url\":\"https:\/\/burmeier-ingenieure.de\/wp-content\/uploads\/2023\/11\/Asset-1@3x-1.png\",\"contentUrl\":\"https:\/\/burmeier-ingenieure.de\/wp-content\/uploads\/2023\/11\/Asset-1@3x-1.png\"},{\"@type\":\"BreadcrumbList\",\"@id\":\"https:\/\/burmeier-ingenieure.de\/rueckbau-und-abfallmanagement\/#breadcrumb\",\"itemListElement\":[{\"@type\":\"ListItem\",\"position\":1,\"name\":\"Startseite\",\"item\":\"https:\/\/burmeier-ingenieure.de\/\"},{\"@type\":\"ListItem\",\"position\":2,\"name\":\"R\u00fcckbau und Abfallmanagement\"}]},{\"@type\":\"WebSite\",\"@id\":\"https:\/\/burmeier-ingenieure.de\/en\/#website\",\"url\":\"https:\/\/burmeier-ingenieure.de\/en\/\",\"name\":\"Prof. Burmeier Ingenieurgesellschaft mbH\",\"description\":\"Partner for public clients and commercial enterprises\",\"potentialAction\":[{\"@type\":\"SearchAction\",\"target\":{\"@type\":\"EntryPoint\",\"urlTemplate\":\"https:\/\/burmeier-ingenieure.de\/en\/?s={search_term_string}\"},\"query-input\":{\"@type\":\"PropertyValueSpecification\",\"valueRequired\":true,\"valueName\":\"search_term_string\"}}],\"inLanguage\":\"en-GB\"}]}<\/script>\n<!-- \/ Yoast SEO plugin. -->","yoast_head_json":{"title":"Dismantling and waste management - Prof. Burmeier Ingenieurgesellschaft mbH","robots":{"index":"index","follow":"follow","max-snippet":"max-snippet:-1","max-image-preview":"max-image-preview:large","max-video-preview":"max-video-preview:-1"},"canonical":"https:\/\/burmeier-ingenieure.de\/en\/rueckbau-und-abfallmanagement\/","og_locale":"en_GB","og_type":"article","og_title":"R\u00fcckbau und Abfallmanagement - Prof. Burmeier Ingenieurgesellschaft mbH","og_description":"R\u00fcckbau und Abfallmanagement R\u00fcckbau und Abfallmanagement Sub Area1 Die Entsorgung von Abf\u00e4llen erfordert spezifisches Know-how in technischen, administrativen und rechtlichen","og_url":"https:\/\/burmeier-ingenieure.de\/en\/rueckbau-und-abfallmanagement\/","og_site_name":"Prof. Burmeier Ingenieurgesellschaft mbH","article_modified_time":"2024-09-11T06:08:23+00:00","og_image":[{"url":"https:\/\/burmeier-ingenieure.de\/wp-content\/uploads\/2023\/11\/Asset-1@3x-1.png","type":"","width":"","height":""}],"twitter_card":"summary_large_image","twitter_misc":{"Estimated reading time":"2 minutes"},"schema":{"@context":"https:\/\/schema.org","@graph":[{"@type":"WebPage","@id":"https:\/\/burmeier-ingenieure.de\/rueckbau-und-abfallmanagement\/","url":"https:\/\/burmeier-ingenieure.de\/rueckbau-und-abfallmanagement\/","name":"Dismantling and waste management - Prof. Burmeier Ingenieurgesellschaft mbH","isPartOf":{"@id":"https:\/\/burmeier-ingenieure.de\/en\/#website"},"primaryImageOfPage":{"@id":"https:\/\/burmeier-ingenieure.de\/rueckbau-und-abfallmanagement\/#primaryimage"},"image":{"@id":"https:\/\/burmeier-ingenieure.de\/rueckbau-und-abfallmanagement\/#primaryimage"},"thumbnailUrl":"https:\/\/burmeier-ingenieure.de\/wp-content\/uploads\/2023\/11\/Asset-1@3x-1.png","datePublished":"2022-09-06T09:45:07+00:00","dateModified":"2024-09-11T06:08:23+00:00","breadcrumb":{"@id":"https:\/\/burmeier-ingenieure.de\/rueckbau-und-abfallmanagement\/#breadcrumb"},"inLanguage":"en-GB","potentialAction":[{"@type":"ReadAction","target":["https:\/\/burmeier-ingenieure.de\/rueckbau-und-abfallmanagement\/"]}]},{"@type":"ImageObject","inLanguage":"en-GB","@id":"https:\/\/burmeier-ingenieure.de\/rueckbau-und-abfallmanagement\/#primaryimage","url":"https:\/\/burmeier-ingenieure.de\/wp-content\/uploads\/2023\/11\/Asset-1@3x-1.png","contentUrl":"https:\/\/burmeier-ingenieure.de\/wp-content\/uploads\/2023\/11\/Asset-1@3x-1.png"},{"@type":"BreadcrumbList","@id":"https:\/\/burmeier-ingenieure.de\/rueckbau-und-abfallmanagement\/#breadcrumb","itemListElement":[{"@type":"ListItem","position":1,"name":"Startseite","item":"https:\/\/burmeier-ingenieure.de\/"},{"@type":"ListItem","position":2,"name":"R\u00fcckbau und Abfallmanagement"}]},{"@type":"WebSite","@id":"https:\/\/burmeier-ingenieure.de\/en\/#website","url":"https:\/\/burmeier-ingenieure.de\/en\/","name":"Prof. Burmeier Ingenieurgesellschaft mbH","description":"Partner for public clients and commercial enterprises","potentialAction":[{"@type":"SearchAction","target":{"@type":"EntryPoint","urlTemplate":"https:\/\/burmeier-ingenieure.de\/en\/?s={search_term_string}"},"query-input":{"@type":"PropertyValueSpecification","valueRequired":true,"valueName":"search_term_string"}}],"inLanguage":"en-GB"}]}},"_links":{"self":[{"href":"https:\/\/burmeier-ingenieure.de\/en\/wp-json\/wp\/v2\/pages\/17264","targetHints":{"allow":["GET"]}}],"collection":[{"href":"https:\/\/burmeier-ingenieure.de\/en\/wp-json\/wp\/v2\/pages"}],"about":[{"href":"https:\/\/burmeier-ingenieure.de\/en\/wp-json\/wp\/v2\/types\/page"}],"author":[{"embeddable":true,"href":"https:\/\/burmeier-ingenieure.de\/en\/wp-json\/wp\/v2\/users\/120"}],"replies":[{"embeddable":true,"href":"https:\/\/burmeier-ingenieure.de\/en\/wp-json\/wp\/v2\/comments?post=17264"}],"version-history":[{"count":22,"href":"https:\/\/burmeier-ingenieure.de\/en\/wp-json\/wp\/v2\/pages\/17264\/revisions"}],"predecessor-version":[{"id":21634,"href":"https:\/\/burmeier-ingenieure.de\/en\/wp-json\/wp\/v2\/pages\/17264\/revisions\/21634"}],"wp:attachment":[{"href":"https:\/\/burmeier-ingenieure.de\/en\/wp-json\/wp\/v2\/media?parent=17264"}],"curies":[{"name":"wp","href":"https:\/\/api.w.org\/{rel}","templated":true}]}}