{"id":16425,"date":"2022-08-05T11:03:34","date_gmt":"2022-08-05T11:03:34","guid":{"rendered":"https:\/\/burmeier-ingenieure-de-wordpress.rz.mup-digital.com\/?page_id=16425"},"modified":"2023-12-01T21:58:34","modified_gmt":"2023-12-01T21:58:34","slug":"genehmigungs-und-vergabemanagement","status":"publish","type":"page","link":"https:\/\/burmeier-ingenieure.de\/en\/genehmigungs-und-vergabemanagement\/","title":{"rendered":"Approval and contract award management"},"content":{"rendered":"<div data-elementor-type=\"wp-page\" data-elementor-id=\"16425\" class=\"elementor elementor-16425\" data-elementor-post-type=\"page\">\n\t\t\t\t\t\t<section class=\"elementor-section elementor-top-section elementor-element elementor-element-33fc1c5b elementor-section-full_width elementor-section-height-full wd-section-stretch-content firstheadersection elementor-section-height-default elementor-section-items-middle\" data-id=\"33fc1c5b\" data-element_type=\"section\" data-e-type=\"section\" data-settings=\"{&quot;background_background&quot;:&quot;classic&quot;}\">\n\t\t\t\t\t\t<div class=\"elementor-container elementor-column-gap-default\">\n\t\t\t\t\t<div class=\"elementor-column elementor-col-100 elementor-top-column elementor-element elementor-element-161030a0\" data-id=\"161030a0\" data-element_type=\"column\" data-e-type=\"column\">\n\t\t\t<div class=\"elementor-widget-wrap elementor-element-populated\">\n\t\t\t\t\t\t<div class=\"elementor-element elementor-element-4df3fe9e elementor-widget elementor-widget-wd_text_block\" data-id=\"4df3fe9e\" data-element_type=\"widget\" data-e-type=\"widget\" data-widget_type=\"wd_text_block.default\">\n\t\t\t\t<div class=\"elementor-widget-container\">\n\t\t\t\t\t\t\t\t<link rel=\"stylesheet\" id=\"wd-text-block-css\" href=\"https:\/\/burmeier-ingenieure.de\/wp-content\/themes\/woodmart\/css\/parts\/el-text-block.min.css?ver=6.2.1\" type=\"text\/css\" media=\"all\" \/> \t\t\t\t\t<div class=\"wd-text-block reset-last-child text-left\">\n\t\t\t\n\t\t\t<h2>Approval and contract award management<\/h2>\n\t\t\t\t\t<\/div>\n\t\t\t\t\t\t<\/div>\n\t\t\t\t<\/div>\n\t\t\t\t<div class=\"elementor-element elementor-element-e89c51a mupsignimg elementor-widget elementor-widget-wd_image_or_svg\" data-id=\"e89c51a\" data-element_type=\"widget\" data-e-type=\"widget\" data-widget_type=\"wd_image_or_svg.default\">\n\t\t\t\t<div class=\"elementor-widget-container\">\n\t\t\t\t\t\n\t\t<div class=\"wd-image text-right\">\n\t\t\t\t\t\t\t\t<img fetchpriority=\"high\" decoding=\"async\" width=\"500\" height=\"138\" src=\"https:\/\/burmeier-ingenieure.de\/wp-content\/uploads\/2023\/11\/Asset-1@3x-1.png\" class=\"attachment-full size-full wp-image-21383\" alt=\"\" srcset=\"https:\/\/burmeier-ingenieure.de\/wp-content\/uploads\/2023\/11\/Asset-1@3x-1.png 500w, https:\/\/burmeier-ingenieure.de\/wp-content\/uploads\/2023\/11\/Asset-1@3x-1-300x83.png 300w, https:\/\/burmeier-ingenieure.de\/wp-content\/uploads\/2023\/11\/Asset-1@3x-1-18x5.png 18w\" sizes=\"(max-width: 500px) 100vw, 500px\" \/>\t\t\t\t\t<\/div>\n\n\t\t\t\t\t\t<\/div>\n\t\t\t\t<\/div>\n\t\t\t\t\t<\/div>\n\t\t<\/div>\n\t\t\t\t\t<\/div>\n\t\t<\/section>\n\t\t\t\t<section class=\"elementor-section elementor-top-section elementor-element elementor-element-164f3328 expertisesinglepage elementor-section-boxed elementor-section-height-default elementor-section-height-default wd-section-disabled\" data-id=\"164f3328\" data-element_type=\"section\" data-e-type=\"section\" id=\"umeltscrollsection\">\n\t\t\t\t\t\t<div class=\"elementor-container elementor-column-gap-default\">\n\t\t\t\t\t<div class=\"elementor-column elementor-col-100 elementor-top-column elementor-element elementor-element-75376bc7\" data-id=\"75376bc7\" data-element_type=\"column\" data-e-type=\"column\">\n\t\t\t<div class=\"elementor-widget-wrap elementor-element-populated\">\n\t\t\t\t\t\t<div class=\"elementor-element elementor-element-23136a2e section-title elementor-hidden-mobile elementor-widget elementor-widget-wd_text_block\" data-id=\"23136a2e\" data-element_type=\"widget\" data-e-type=\"widget\" data-widget_type=\"wd_text_block.default\">\n\t\t\t\t<div class=\"elementor-widget-container\">\n\t\t\t\t\t\t\t<div class=\"wd-text-block reset-last-child text-left\">\n\t\t\t\n\t\t\t<h2 style=\"text-align: center;\"><span class=\"boxfirst boxnormal\">O<\/span>Approval and <span class=\"color-primary\">Procurement management<\/span><\/h2>\n\t\t\t\t\t<\/div>\n\t\t\t\t\t\t<\/div>\n\t\t\t\t<\/div>\n\t\t\t\t<div class=\"elementor-element elementor-element-6cb5d43 elementor-widget elementor-widget-spacer\" data-id=\"6cb5d43\" data-element_type=\"widget\" data-e-type=\"widget\" data-widget_type=\"spacer.default\">\n\t\t\t\t<div class=\"elementor-widget-container\">\n\t\t\t\t\t\t\t<div class=\"elementor-spacer\">\n\t\t\t<div class=\"elementor-spacer-inner\"><\/div>\n\t\t<\/div>\n\t\t\t\t\t\t<\/div>\n\t\t\t\t<\/div>\n\t\t\t\t<div class=\"elementor-element elementor-element-6f490a4 elementor-widget elementor-widget-wd_tabs\" data-id=\"6f490a4\" data-element_type=\"widget\" data-e-type=\"widget\" data-widget_type=\"wd_tabs.default\">\n\t\t\t\t<div class=\"elementor-widget-container\">\n\t\t\t\t\t\t\t\t<link rel=\"stylesheet\" id=\"wd-tabs-css\" href=\"https:\/\/burmeier-ingenieure.de\/wp-content\/themes\/woodmart\/css\/parts\/el-tabs.min.css?ver=6.2.1\" type=\"text\/css\" media=\"all\" \/> \t\t\t\t\t<div class=\"wd-tabs\">\n\t\t\t<div class=\"wd-nav-wrapper wd-nav-tabs-wrapper text-center\">\n\t\t\t\t<ul class=\"wd-nav wd-nav-tabs wd-icon-pos-left wd-style-default\">\n\t\t\t\t\t\t\t\t\t\t\t\n\t\t\t\t\t\t<li>\n\t\t\t\t\t\t\t<a href=\"#\" class=\"wd-nav-link\">\n\t\t\t\t\t\t\t\t\n\t\t\t\t\t\t\t\t<span class=\"nav-link-text wd-tabs-title\">\n\t\t\t\t\t\t\t\t\tSub Area1\t\t\t\t\t\t\t\t<\/span>\n\t\t\t\t\t\t\t<\/a>\n\t\t\t\t\t\t<\/li>\n\n\t\t\t\t\t\t\t\t\t<\/ul>\n\t\t\t<\/div>\n\n\t\t\t<div class=\"wd-tab-content-wrapper\">\n\t\t\t\t\t\t\t\t\t\t\t\t\t\t\n\t\t\t\t\t\n\t\t\t\t\t<div class=\"wd-tab-content wd-active wd-in\">\n\t\t\t\t\t\t\t\t\t\t\t\t\t<div >\n\t\t\t\t\t\t\t\t<p>If building owners can no longer manage projects of larger dimensions or complexity on their own, we are there to provide advice and support. BIG's competence in the area of approval and award management is also characterised by many years of experience and a large number of examples, and is largely based on the practical experience of our employees in various large-scale projects.<br \/><br \/>But the qualities of Prof. Burmeier Ingenieurgesellschaft are not only in demand for large-scale measures. It is often the special cases in which we provide our clients with advice and support. Whether for construction or supply services, individual or framework contracts, national or Europe-wide award procedures, we are happy to support you. We accompany you from the idea to the final invoice and always aim for an economic and fair handling of your measure.<\/p><ul class=\"greylists\"><li>Licensing procedures under immission control law<\/li><li>Water law procedures<\/li><li>Planning approval procedure<\/li><li>Urban planning procedures<\/li><li>Accompaniment of public procurement procedures<\/li><\/ul><div class=\"contactsec unknowncontractperson\"><div class=\"contactpersonname\"><img decoding=\"async\" src=\"\/wp-content\/uploads\/2022\/08\/Thomas-Jaeger@2x.jpg\" \/><\/div><div class=\"contactnamedes\"><h2 style=\"color: #405c9c !important;\">Contact Person<\/h2><p><span class=\"subjarea\">Approval and contract award management<br \/><\/span><br \/><span class=\"actualnameperson\">Thomas J\u00e4ger<br \/><\/span><br \/><span class=\"emailline\"><img decoding=\"async\" src=\"\/wp-content\/uploads\/2023\/02\/email-2.png\" \/> <a href=\"mailto:thomas.jaeger@burmeier-ingenieure-de-wordpress.rz.mup-digital.com\"> big-h@burmeier-ingenieure-de-wordpress.rz.mup-digital.com<\/a><\/span><\/p><p><span class=\"emailline phonenoperson\"><img decoding=\"async\" src=\"\/wp-content\/uploads\/2023\/02\/phone-call.png\" \/> <a><br \/>+49 (0) 511 899 223 0<br \/><\/a><\/span><\/p><\/div><\/div>\t\t\t\t\t\t\t<\/div>\n\t\t\t\t\t\t\t\t\t\t\t<\/div>\n\n\t\t\t\t\t\t\t<\/div>\n\t\t<\/div>\n\t\t\t\t\t\t<\/div>\n\t\t\t\t<\/div>\n\t\t\t\t\t<\/div>\n\t\t<\/div>\n\t\t\t\t\t<\/div>\n\t\t<\/section>\n\t\t\t\t<\/div>","protected":false},"excerpt":{"rendered":"<p>Approval and contract award management Approval and contract award management Sub Area1 If clients can no longer manage projects of a larger scale or complexity on their own, they can turn to<\/p>","protected":false},"author":120,"featured_media":0,"parent":0,"menu_order":0,"comment_status":"closed","ping_status":"closed","template":"","meta":{"footnotes":""},"class_list":["post-16425","page","type-page","status-publish","hentry"],"yoast_head":"<!-- This site is optimized with the Yoast SEO plugin v27.2 - https:\/\/yoast.com\/product\/yoast-seo-wordpress\/ -->\n<title>Genehmigungs- und Vergabemanagement - Prof. Burmeier Ingenieurgesellschaft mbH<\/title>\n<meta name=\"robots\" content=\"index, follow, max-snippet:-1, max-image-preview:large, max-video-preview:-1\" \/>\n<link rel=\"canonical\" href=\"https:\/\/burmeier-ingenieure.de\/en\/genehmigungs-und-vergabemanagement\/\" \/>\n<meta property=\"og:locale\" content=\"en_GB\" \/>\n<meta property=\"og:type\" content=\"article\" \/>\n<meta property=\"og:title\" content=\"Genehmigungs- und Vergabemanagement - Prof. Burmeier Ingenieurgesellschaft mbH\" \/>\n<meta property=\"og:description\" content=\"Genehmigungs- und Vergabemanagement Genehmigungs- und Vergabemanagement Sub Area1 K\u00f6nnen Bauherren Projekte gr\u00f6\u00dferer Dimension oder Komplexit\u00e4t allein nicht mehr bew\u00e4ltigen, stehen\" \/>\n<meta property=\"og:url\" content=\"https:\/\/burmeier-ingenieure.de\/en\/genehmigungs-und-vergabemanagement\/\" \/>\n<meta property=\"og:site_name\" content=\"Prof. Burmeier Ingenieurgesellschaft mbH\" \/>\n<meta property=\"article:modified_time\" content=\"2023-12-01T21:58:34+00:00\" \/>\n<meta property=\"og:image\" content=\"https:\/\/burmeier-ingenieure.de\/wp-content\/uploads\/2023\/11\/Asset-1@3x-1.png\" \/>\n<meta name=\"twitter:card\" content=\"summary_large_image\" \/>\n<meta name=\"twitter:label1\" content=\"Estimated reading time\" \/>\n\t<meta name=\"twitter:data1\" content=\"1 minute\" \/>\n<script type=\"application\/ld+json\" class=\"yoast-schema-graph\">{\"@context\":\"https:\/\/schema.org\",\"@graph\":[{\"@type\":\"WebPage\",\"@id\":\"https:\/\/burmeier-ingenieure.de\/genehmigungs-und-vergabemanagement\/\",\"url\":\"https:\/\/burmeier-ingenieure.de\/genehmigungs-und-vergabemanagement\/\",\"name\":\"Genehmigungs- und Vergabemanagement - Prof. Burmeier Ingenieurgesellschaft mbH\",\"isPartOf\":{\"@id\":\"https:\/\/burmeier-ingenieure.de\/en\/#website\"},\"primaryImageOfPage\":{\"@id\":\"https:\/\/burmeier-ingenieure.de\/genehmigungs-und-vergabemanagement\/#primaryimage\"},\"image\":{\"@id\":\"https:\/\/burmeier-ingenieure.de\/genehmigungs-und-vergabemanagement\/#primaryimage\"},\"thumbnailUrl\":\"https:\/\/burmeier-ingenieure.de\/wp-content\/uploads\/2023\/11\/Asset-1@3x-1.png\",\"datePublished\":\"2022-08-05T11:03:34+00:00\",\"dateModified\":\"2023-12-01T21:58:34+00:00\",\"breadcrumb\":{\"@id\":\"https:\/\/burmeier-ingenieure.de\/genehmigungs-und-vergabemanagement\/#breadcrumb\"},\"inLanguage\":\"en-GB\",\"potentialAction\":[{\"@type\":\"ReadAction\",\"target\":[\"https:\/\/burmeier-ingenieure.de\/genehmigungs-und-vergabemanagement\/\"]}]},{\"@type\":\"ImageObject\",\"inLanguage\":\"en-GB\",\"@id\":\"https:\/\/burmeier-ingenieure.de\/genehmigungs-und-vergabemanagement\/#primaryimage\",\"url\":\"https:\/\/burmeier-ingenieure.de\/wp-content\/uploads\/2023\/11\/Asset-1@3x-1.png\",\"contentUrl\":\"https:\/\/burmeier-ingenieure.de\/wp-content\/uploads\/2023\/11\/Asset-1@3x-1.png\"},{\"@type\":\"BreadcrumbList\",\"@id\":\"https:\/\/burmeier-ingenieure.de\/genehmigungs-und-vergabemanagement\/#breadcrumb\",\"itemListElement\":[{\"@type\":\"ListItem\",\"position\":1,\"name\":\"Startseite\",\"item\":\"https:\/\/burmeier-ingenieure.de\/\"},{\"@type\":\"ListItem\",\"position\":2,\"name\":\"Genehmigungs- und Vergabemanagement\"}]},{\"@type\":\"WebSite\",\"@id\":\"https:\/\/burmeier-ingenieure.de\/en\/#website\",\"url\":\"https:\/\/burmeier-ingenieure.de\/en\/\",\"name\":\"Prof. Burmeier Ingenieurgesellschaft mbH\",\"description\":\"Partner for public clients and commercial enterprises\",\"potentialAction\":[{\"@type\":\"SearchAction\",\"target\":{\"@type\":\"EntryPoint\",\"urlTemplate\":\"https:\/\/burmeier-ingenieure.de\/en\/?s={search_term_string}\"},\"query-input\":{\"@type\":\"PropertyValueSpecification\",\"valueRequired\":true,\"valueName\":\"search_term_string\"}}],\"inLanguage\":\"en-GB\"}]}<\/script>\n<!-- \/ Yoast SEO plugin. -->","yoast_head_json":{"title":"Authorisation and contract award management - Prof. Burmeier Ingenieurgesellschaft mbH","robots":{"index":"index","follow":"follow","max-snippet":"max-snippet:-1","max-image-preview":"max-image-preview:large","max-video-preview":"max-video-preview:-1"},"canonical":"https:\/\/burmeier-ingenieure.de\/en\/genehmigungs-und-vergabemanagement\/","og_locale":"en_GB","og_type":"article","og_title":"Genehmigungs- und Vergabemanagement - Prof. Burmeier Ingenieurgesellschaft mbH","og_description":"Genehmigungs- und Vergabemanagement Genehmigungs- und Vergabemanagement Sub Area1 K\u00f6nnen Bauherren Projekte gr\u00f6\u00dferer Dimension oder Komplexit\u00e4t allein nicht mehr bew\u00e4ltigen, stehen","og_url":"https:\/\/burmeier-ingenieure.de\/en\/genehmigungs-und-vergabemanagement\/","og_site_name":"Prof. Burmeier Ingenieurgesellschaft mbH","article_modified_time":"2023-12-01T21:58:34+00:00","og_image":[{"url":"https:\/\/burmeier-ingenieure.de\/wp-content\/uploads\/2023\/11\/Asset-1@3x-1.png","type":"","width":"","height":""}],"twitter_card":"summary_large_image","twitter_misc":{"Estimated reading time":"1 minute"},"schema":{"@context":"https:\/\/schema.org","@graph":[{"@type":"WebPage","@id":"https:\/\/burmeier-ingenieure.de\/genehmigungs-und-vergabemanagement\/","url":"https:\/\/burmeier-ingenieure.de\/genehmigungs-und-vergabemanagement\/","name":"Authorisation and contract award management - Prof. Burmeier Ingenieurgesellschaft mbH","isPartOf":{"@id":"https:\/\/burmeier-ingenieure.de\/en\/#website"},"primaryImageOfPage":{"@id":"https:\/\/burmeier-ingenieure.de\/genehmigungs-und-vergabemanagement\/#primaryimage"},"image":{"@id":"https:\/\/burmeier-ingenieure.de\/genehmigungs-und-vergabemanagement\/#primaryimage"},"thumbnailUrl":"https:\/\/burmeier-ingenieure.de\/wp-content\/uploads\/2023\/11\/Asset-1@3x-1.png","datePublished":"2022-08-05T11:03:34+00:00","dateModified":"2023-12-01T21:58:34+00:00","breadcrumb":{"@id":"https:\/\/burmeier-ingenieure.de\/genehmigungs-und-vergabemanagement\/#breadcrumb"},"inLanguage":"en-GB","potentialAction":[{"@type":"ReadAction","target":["https:\/\/burmeier-ingenieure.de\/genehmigungs-und-vergabemanagement\/"]}]},{"@type":"ImageObject","inLanguage":"en-GB","@id":"https:\/\/burmeier-ingenieure.de\/genehmigungs-und-vergabemanagement\/#primaryimage","url":"https:\/\/burmeier-ingenieure.de\/wp-content\/uploads\/2023\/11\/Asset-1@3x-1.png","contentUrl":"https:\/\/burmeier-ingenieure.de\/wp-content\/uploads\/2023\/11\/Asset-1@3x-1.png"},{"@type":"BreadcrumbList","@id":"https:\/\/burmeier-ingenieure.de\/genehmigungs-und-vergabemanagement\/#breadcrumb","itemListElement":[{"@type":"ListItem","position":1,"name":"Startseite","item":"https:\/\/burmeier-ingenieure.de\/"},{"@type":"ListItem","position":2,"name":"Genehmigungs- und Vergabemanagement"}]},{"@type":"WebSite","@id":"https:\/\/burmeier-ingenieure.de\/en\/#website","url":"https:\/\/burmeier-ingenieure.de\/en\/","name":"Prof. Burmeier Ingenieurgesellschaft mbH","description":"Partner for public clients and commercial enterprises","potentialAction":[{"@type":"SearchAction","target":{"@type":"EntryPoint","urlTemplate":"https:\/\/burmeier-ingenieure.de\/en\/?s={search_term_string}"},"query-input":{"@type":"PropertyValueSpecification","valueRequired":true,"valueName":"search_term_string"}}],"inLanguage":"en-GB"}]}},"_links":{"self":[{"href":"https:\/\/burmeier-ingenieure.de\/en\/wp-json\/wp\/v2\/pages\/16425","targetHints":{"allow":["GET"]}}],"collection":[{"href":"https:\/\/burmeier-ingenieure.de\/en\/wp-json\/wp\/v2\/pages"}],"about":[{"href":"https:\/\/burmeier-ingenieure.de\/en\/wp-json\/wp\/v2\/types\/page"}],"author":[{"embeddable":true,"href":"https:\/\/burmeier-ingenieure.de\/en\/wp-json\/wp\/v2\/users\/120"}],"replies":[{"embeddable":true,"href":"https:\/\/burmeier-ingenieure.de\/en\/wp-json\/wp\/v2\/comments?post=16425"}],"version-history":[{"count":3,"href":"https:\/\/burmeier-ingenieure.de\/en\/wp-json\/wp\/v2\/pages\/16425\/revisions"}],"predecessor-version":[{"id":21511,"href":"https:\/\/burmeier-ingenieure.de\/en\/wp-json\/wp\/v2\/pages\/16425\/revisions\/21511"}],"wp:attachment":[{"href":"https:\/\/burmeier-ingenieure.de\/en\/wp-json\/wp\/v2\/media?parent=16425"}],"curies":[{"name":"wp","href":"https:\/\/api.w.org\/{rel}","templated":true}]}}