{"id":11599,"date":"2022-06-21T09:57:45","date_gmt":"2022-06-21T09:57:45","guid":{"rendered":"https:\/\/burmeier-ingenieure-de-wordpress.rz.mup-digital.com\/?page_id=11599"},"modified":"2023-07-12T11:30:28","modified_gmt":"2023-07-12T11:30:28","slug":"projekte","status":"publish","type":"page","link":"https:\/\/burmeier-ingenieure.de\/en\/projekte\/","title":{"rendered":"PROJECTS"},"content":{"rendered":"<div data-elementor-type=\"wp-page\" data-elementor-id=\"11599\" class=\"elementor elementor-11599\" data-elementor-post-type=\"page\">\n\t\t\t\t\t\t<section class=\"elementor-section elementor-top-section elementor-element elementor-element-476211e elementor-section-full_width elementor-section-height-full wd-section-stretch-content firstheadersection elementor-section-height-default elementor-section-items-middle\" data-id=\"476211e\" data-element_type=\"section\" data-e-type=\"section\" data-settings=\"{&quot;background_background&quot;:&quot;classic&quot;}\">\n\t\t\t\t\t\t<div class=\"elementor-container elementor-column-gap-default\">\n\t\t\t\t\t<div class=\"elementor-column elementor-col-100 elementor-top-column elementor-element elementor-element-6895104\" data-id=\"6895104\" data-element_type=\"column\" data-e-type=\"column\">\n\t\t\t<div class=\"elementor-widget-wrap elementor-element-populated\">\n\t\t\t\t\t\t<div class=\"elementor-element elementor-element-2fb59a0 elementor-widget elementor-widget-wd_text_block\" data-id=\"2fb59a0\" data-element_type=\"widget\" data-e-type=\"widget\" data-widget_type=\"wd_text_block.default\">\n\t\t\t\t<div class=\"elementor-widget-container\">\n\t\t\t\t\t\t\t\t<link rel=\"stylesheet\" id=\"wd-text-block-css\" href=\"https:\/\/burmeier-ingenieure.de\/wp-content\/themes\/woodmart\/css\/parts\/el-text-block.min.css?ver=6.2.1\" type=\"text\/css\" media=\"all\" \/> \t\t\t\t\t<div class=\"wd-text-block reset-last-child text-left\">\n\t\t\t\n\t\t\t<h2>PROJECTS<\/h2>\n\t\t\t\t\t<\/div>\n\t\t\t\t\t\t<\/div>\n\t\t\t\t<\/div>\n\t\t\t\t<div class=\"elementor-element elementor-element-5c40919 mupsignimg elementor-widget elementor-widget-wd_image_or_svg\" data-id=\"5c40919\" data-element_type=\"widget\" data-e-type=\"widget\" data-widget_type=\"wd_image_or_svg.default\">\n\t\t\t\t<div class=\"elementor-widget-container\">\n\t\t\t\t\t\n\t\t<div class=\"wd-image text-right\">\n\t\t\t\t\t\t\t\t<img fetchpriority=\"high\" decoding=\"async\" width=\"500\" height=\"138\" src=\"https:\/\/burmeier-ingenieure.de\/wp-content\/uploads\/2023\/02\/Asset-1@3x-1.png\" class=\"attachment-full size-full wp-image-18641\" alt=\"\" srcset=\"https:\/\/burmeier-ingenieure.de\/wp-content\/uploads\/2023\/02\/Asset-1@3x-1.png 500w, https:\/\/burmeier-ingenieure.de\/wp-content\/uploads\/2023\/02\/Asset-1@3x-1-300x83.png 300w, https:\/\/burmeier-ingenieure.de\/wp-content\/uploads\/2023\/02\/Asset-1@3x-1-150x41.png 150w\" sizes=\"(max-width: 500px) 100vw, 500px\" \/>\t\t\t\t\t<\/div>\n\n\t\t\t\t\t\t<\/div>\n\t\t\t\t<\/div>\n\t\t\t\t\t<\/div>\n\t\t<\/div>\n\t\t\t\t\t<\/div>\n\t\t<\/section>\n\t\t\t\t<section class=\"elementor-section elementor-top-section elementor-element elementor-element-df090a7 elementor-section-boxed elementor-section-height-default elementor-section-height-default wd-section-disabled\" data-id=\"df090a7\" data-element_type=\"section\" data-e-type=\"section\">\n\t\t\t\t\t\t<div class=\"elementor-container elementor-column-gap-wider\">\n\t\t\t\t\t<div class=\"elementor-column elementor-col-50 elementor-top-column elementor-element elementor-element-674be25\" data-id=\"674be25\" data-element_type=\"column\" data-e-type=\"column\">\n\t\t\t<div class=\"elementor-widget-wrap elementor-element-populated\">\n\t\t\t\t\t\t<div class=\"elementor-element elementor-element-0d41e23 elementor-widget elementor-widget-html\" data-id=\"0d41e23\" data-element_type=\"widget\" data-e-type=\"widget\" data-widget_type=\"html.default\">\n\t\t\t\t<div class=\"elementor-widget-container\">\n\t\t\t\t\t<style>\n    .dropdown-check-list {\n  display: inline-block;\n}\n\n.dropdown-check-list .anchor:after {\n  position: absolute;\n  content: \"\";\n  border-left: 2px solid black;\n  border-top: 2px solid black;\n  padding: 5px;\n   right: 20px;\ntop: 33%;\n  -moz-transform: rotate(-135deg);\n  -ms-transform: rotate(-135deg);\n  -o-transform: rotate(-135deg);\n  -webkit-transform: rotate(-135deg);\n  transform: rotate(-135deg);\n}\n.dropdown-check-list .anchor:active:after {\n  right: 20px;\ntop: 33%;\n}\n.dropdown-check-list .anchor {\n  position: relative;\n  cursor: pointer;\n  display: inline-block;\n  padding: 5px 50px 5px 10px;\n  border: 1px solid #ccc;\n  width: 500px !important;\n  box-shadow: 0px 0px 20px 0px #00000012;\n  height: ;\n  line-height: 40px;\n  padding: 5px 18px;\n  color: #000;\n  font-weight: 600;\n  border: none;\n  border-radius: 20px;\n}\n.dropdown-check-list ul.items {\n  display: none;\n  margin: 0;\n  background: #fafafa;\n  border: none;\n  box-shadow: 0px 0px 20px 0px #00000012;\n  padding: 22px;\n  border-radius: 30px;\n  color: #000;\n}\n.dropdown-check-list ul.items li {\n  list-style: none;\n}\n<\/style>\n<div id=\"list1\" class=\"dropdown-check-list\" tabindex=\"100\">\n        <span class=\"anchor\">Filter according to BIG business areas<\/span>\n                <ul id=\"items\" class=\"items\">\n<li><input class=\"cardCheckBox\" type=\"checkbox\" value=\"altlastenuntersuchung-und-sanierung\"> Investigation and remediation of contaminated sites<\/li>\n<li><input class=\"cardCheckBox\" type=\"checkbox\" value=\"brachflachenrecycling-und-liegenschaftsentwicklung\"> Brownfield recycling and property development<\/li>\n<li><input class=\"cardCheckBox\" type=\"checkbox\" value=\"arbeitssicherheit-und-gesundheitsschutz\">Occupational safety and health protection<\/li>\n<li><input class=\"cardCheckBox\" type=\"checkbox\" value=\"ruckbau-und-abfallentsorgung\"> Deconstruction and waste disposal<\/li>\n<li><input class=\"cardCheckBox\" type=\"checkbox\" value=\"projektsteuerung-und-controlling\">Project management and controlling<\/li>\n<li><input class=\"cardCheckBox\" type=\"checkbox\" value=\"genehmigungs-und-vergabemanagement\">Approval and contract award management<\/li>\n\n\n\n \n    <\/ul>\n<\/div>\t\t\t\t<\/div>\n\t\t\t\t<\/div>\n\t\t\t\t\t<\/div>\n\t\t<\/div>\n\t\t\t\t<div class=\"elementor-column elementor-col-50 elementor-top-column elementor-element elementor-element-35e15c8\" data-id=\"35e15c8\" data-element_type=\"column\" data-e-type=\"column\">\n\t\t\t<div class=\"elementor-widget-wrap elementor-element-populated\">\n\t\t\t\t\t\t<div class=\"elementor-element elementor-element-caf8877 elementor-widget elementor-widget-html\" data-id=\"caf8877\" data-element_type=\"widget\" data-e-type=\"widget\" data-widget_type=\"html.default\">\n\t\t\t\t<div class=\"elementor-widget-container\">\n\t\t\t\t\t<style>\n    .dropdown-check-list {\n  display: inline-block;\n}\n\n.dropdown-check-list .anchor1:after {\n  position: absolute;\n  content: \"\";\n  border-left: 2px solid black;\n  border-top: 2px solid black;\n  padding: 5px;\n   right: 20px;\ntop: 33%;\n  -moz-transform: rotate(-135deg);\n  -ms-transform: rotate(-135deg);\n  -o-transform: rotate(-135deg);\n  -webkit-transform: rotate(-135deg);\n  transform: rotate(-135deg);\n}\n.dropdown-check-list .anchor1:active:after {\n  right: 20px;\ntop: 33%;\n}\n.dropdown-check-list .anchor1{\n  position: relative;\n  cursor: pointer;\n  display: inline-block;\n  padding: 5px 50px 5px 10px;\n  border: 1px solid #ccc;\n  width: 500px !important;\n  box-shadow: 0px 0px 20px 0px #00000012;\n  height: ;\n  line-height: 40px;\n  padding: 5px 18px;\n  color: #000;\n  font-weight: 600;\n  border: none;\n  border-radius: 20px;\n}\n.dropdown-check-list ul.items3 {\n  display: none;\n  margin: 0;\n  background: #fafafa;\n  border: none;\n  box-shadow: 0px 0px 20px 0px #00000012;\n  padding: 22px;\n  border-radius: 30px;\n  color: #000;\n}\n.dropdown-check-list ul.items3 li {\n  list-style: none;\n}\n<\/style>\n<div id=\"list2\" class=\"dropdown-check-list\" tabindex=\"100\">\n<span class=\"anchor1\">Filter according to M&amp;P Group business areas<\/span>\n                <ul id=\"items2\" class=\"items3\">\n<!--<li><input class=\"cardCheckBox\" type=\"checkbox\" value=\"gewerbe\"> Gewerbe<\/li>-->\n<!--<li><input class=\"cardCheckBox\" type=\"checkbox\" value=\"industrie\"> Industrie<\/li>-->\n<!--<li><input class=\"cardCheckBox\" type=\"checkbox\" value=\"wohnen\"> Wohnen<\/li>-->\n<li><input class=\"cardCheckBox1\" type=\"checkbox\" value=\"bau\"> Construction<\/li>\n  <li><input class=\"cardCheckBox1\" type=\"checkbox\" value=\"boden\"> Soil<\/li>\n  <li><input class=\"cardCheckBox1\" type=\"checkbox\" value=\"geotechnik\"> Geotechnics<\/li>\n  <li><input class=\"cardCheckBox1\" type=\"checkbox\" value=\"wasser\"> Water<\/li>\n <li><input class=\"cardCheckBox1\" type=\"checkbox\" value=\"umwelt\"> Environment<\/li>\n <li><input type=\"checkbox\"> Development<\/li>\n    <\/ul>\n<\/div>\t\t\t\t<\/div>\n\t\t\t\t<\/div>\n\t\t\t\t\t<\/div>\n\t\t<\/div>\n\t\t\t\t\t<\/div>\n\t\t<\/section>\n\t\t\t\t<section class=\"elementor-section elementor-top-section elementor-element elementor-element-839647f elementor-section-full_width wd-section-stretch elementor-section-height-default elementor-section-height-default\" data-id=\"839647f\" data-element_type=\"section\" data-e-type=\"section\">\n\t\t\t\t\t\t<div class=\"elementor-container elementor-column-gap-default\">\n\t\t\t\t\t<div class=\"elementor-column elementor-col-100 elementor-top-column elementor-element elementor-element-83caf0c\" data-id=\"83caf0c\" data-element_type=\"column\" data-e-type=\"column\">\n\t\t\t<div class=\"elementor-widget-wrap elementor-element-populated\">\n\t\t\t\t\t\t<div class=\"elementor-element elementor-element-aa50996 headingproject elementor-widget elementor-widget-wd_text_block\" data-id=\"aa50996\" data-element_type=\"widget\" data-e-type=\"widget\" data-widget_type=\"wd_text_block.default\">\n\t\t\t\t<div class=\"elementor-widget-container\">\n\t\t\t\t\t\t\t<div class=\"wd-text-block reset-last-child text-left\">\n\t\t\t\n\t\t\tBIG PROJECTS\n\t\t\t\t\t<\/div>\n\t\t\t\t\t\t<\/div>\n\t\t\t\t<\/div>\n\t\t\t\t<div class=\"elementor-element elementor-element-263c2a1 headingproject mpheading elementor-widget elementor-widget-wd_text_block\" data-id=\"263c2a1\" data-element_type=\"widget\" data-e-type=\"widget\" data-widget_type=\"wd_text_block.default\">\n\t\t\t\t<div class=\"elementor-widget-container\">\n\t\t\t\t\t\t\t<div class=\"wd-text-block reset-last-child text-left\">\n\t\t\t\n\t\t\tM&amp;P Group PROJECTS\n\t\t\t\t\t<\/div>\n\t\t\t\t\t\t<\/div>\n\t\t\t\t<\/div>\n\t\t\t\t\t<\/div>\n\t\t<\/div>\n\t\t\t\t\t<\/div>\n\t\t<\/section>\n\t\t\t\t<\/div>","protected":false},"excerpt":{"rendered":"<p>PROJEKTE Filter nach BIG Gesch\u00e4ftsbereichen Altlastenuntersuchung und -sanierung Brachfl\u00e4chenrecycling und Liegenschaftsentwicklung Arbeitssicherheit und Gesundheitsschutz R\u00fcckbau und Abfallentsorgung Projektsteuerung und Controlling<\/p>","protected":false},"author":120,"featured_media":0,"parent":0,"menu_order":0,"comment_status":"closed","ping_status":"closed","template":"","meta":{"footnotes":""},"class_list":["post-11599","page","type-page","status-publish","hentry"],"yoast_head":"<!-- This site is optimized with the Yoast SEO plugin v27.2 - https:\/\/yoast.com\/product\/yoast-seo-wordpress\/ -->\n<title>PROJEKTE - Prof. Burmeier Ingenieurgesellschaft mbH<\/title>\n<meta name=\"robots\" content=\"index, follow, max-snippet:-1, max-image-preview:large, max-video-preview:-1\" \/>\n<link rel=\"canonical\" href=\"https:\/\/burmeier-ingenieure.de\/en\/projekte\/\" \/>\n<meta property=\"og:locale\" content=\"en_GB\" \/>\n<meta property=\"og:type\" content=\"article\" \/>\n<meta property=\"og:title\" content=\"PROJEKTE - Prof. Burmeier Ingenieurgesellschaft mbH\" \/>\n<meta property=\"og:description\" content=\"PROJEKTE Filter nach BIG Gesch\u00e4ftsbereichen Altlastenuntersuchung und -sanierung Brachfl\u00e4chenrecycling und Liegenschaftsentwicklung Arbeitssicherheit und Gesundheitsschutz R\u00fcckbau und Abfallentsorgung Projektsteuerung und Controlling\" \/>\n<meta property=\"og:url\" content=\"https:\/\/burmeier-ingenieure.de\/en\/projekte\/\" \/>\n<meta property=\"og:site_name\" content=\"Prof. Burmeier Ingenieurgesellschaft mbH\" \/>\n<meta property=\"article:modified_time\" content=\"2023-07-12T11:30:28+00:00\" \/>\n<meta property=\"og:image\" content=\"https:\/\/burmeier-ingenieure.de\/wp-content\/uploads\/2023\/02\/Asset-1@3x-1.png\" \/>\n<meta name=\"twitter:card\" content=\"summary_large_image\" \/>\n<script type=\"application\/ld+json\" class=\"yoast-schema-graph\">{\"@context\":\"https:\/\/schema.org\",\"@graph\":[{\"@type\":\"WebPage\",\"@id\":\"https:\/\/burmeier-ingenieure.de\/projekte\/\",\"url\":\"https:\/\/burmeier-ingenieure.de\/projekte\/\",\"name\":\"PROJEKTE - Prof. Burmeier Ingenieurgesellschaft mbH\",\"isPartOf\":{\"@id\":\"https:\/\/burmeier-ingenieure.de\/en\/#website\"},\"primaryImageOfPage\":{\"@id\":\"https:\/\/burmeier-ingenieure.de\/projekte\/#primaryimage\"},\"image\":{\"@id\":\"https:\/\/burmeier-ingenieure.de\/projekte\/#primaryimage\"},\"thumbnailUrl\":\"https:\/\/burmeier-ingenieure.de\/wp-content\/uploads\/2023\/02\/Asset-1@3x-1.png\",\"datePublished\":\"2022-06-21T09:57:45+00:00\",\"dateModified\":\"2023-07-12T11:30:28+00:00\",\"breadcrumb\":{\"@id\":\"https:\/\/burmeier-ingenieure.de\/projekte\/#breadcrumb\"},\"inLanguage\":\"en-GB\",\"potentialAction\":[{\"@type\":\"ReadAction\",\"target\":[\"https:\/\/burmeier-ingenieure.de\/projekte\/\"]}]},{\"@type\":\"ImageObject\",\"inLanguage\":\"en-GB\",\"@id\":\"https:\/\/burmeier-ingenieure.de\/projekte\/#primaryimage\",\"url\":\"https:\/\/burmeier-ingenieure.de\/wp-content\/uploads\/2023\/02\/Asset-1@3x-1.png\",\"contentUrl\":\"https:\/\/burmeier-ingenieure.de\/wp-content\/uploads\/2023\/02\/Asset-1@3x-1.png\"},{\"@type\":\"BreadcrumbList\",\"@id\":\"https:\/\/burmeier-ingenieure.de\/projekte\/#breadcrumb\",\"itemListElement\":[{\"@type\":\"ListItem\",\"position\":1,\"name\":\"Startseite\",\"item\":\"https:\/\/burmeier-ingenieure.de\/\"},{\"@type\":\"ListItem\",\"position\":2,\"name\":\"PROJEKTE\"}]},{\"@type\":\"WebSite\",\"@id\":\"https:\/\/burmeier-ingenieure.de\/en\/#website\",\"url\":\"https:\/\/burmeier-ingenieure.de\/en\/\",\"name\":\"Prof. Burmeier Ingenieurgesellschaft mbH\",\"description\":\"Partner for public clients and commercial enterprises\",\"potentialAction\":[{\"@type\":\"SearchAction\",\"target\":{\"@type\":\"EntryPoint\",\"urlTemplate\":\"https:\/\/burmeier-ingenieure.de\/en\/?s={search_term_string}\"},\"query-input\":{\"@type\":\"PropertyValueSpecification\",\"valueRequired\":true,\"valueName\":\"search_term_string\"}}],\"inLanguage\":\"en-GB\"}]}<\/script>\n<!-- \/ Yoast SEO plugin. -->","yoast_head_json":{"title":"PROJEKTE - Prof. Burmeier Ingenieurgesellschaft mbH","robots":{"index":"index","follow":"follow","max-snippet":"max-snippet:-1","max-image-preview":"max-image-preview:large","max-video-preview":"max-video-preview:-1"},"canonical":"https:\/\/burmeier-ingenieure.de\/en\/projekte\/","og_locale":"en_GB","og_type":"article","og_title":"PROJEKTE - Prof. Burmeier Ingenieurgesellschaft mbH","og_description":"PROJEKTE Filter nach BIG Gesch\u00e4ftsbereichen Altlastenuntersuchung und -sanierung Brachfl\u00e4chenrecycling und Liegenschaftsentwicklung Arbeitssicherheit und Gesundheitsschutz R\u00fcckbau und Abfallentsorgung Projektsteuerung und Controlling","og_url":"https:\/\/burmeier-ingenieure.de\/en\/projekte\/","og_site_name":"Prof. Burmeier Ingenieurgesellschaft mbH","article_modified_time":"2023-07-12T11:30:28+00:00","og_image":[{"url":"https:\/\/burmeier-ingenieure.de\/wp-content\/uploads\/2023\/02\/Asset-1@3x-1.png","type":"","width":"","height":""}],"twitter_card":"summary_large_image","schema":{"@context":"https:\/\/schema.org","@graph":[{"@type":"WebPage","@id":"https:\/\/burmeier-ingenieure.de\/projekte\/","url":"https:\/\/burmeier-ingenieure.de\/projekte\/","name":"PROJEKTE - Prof. Burmeier Ingenieurgesellschaft mbH","isPartOf":{"@id":"https:\/\/burmeier-ingenieure.de\/en\/#website"},"primaryImageOfPage":{"@id":"https:\/\/burmeier-ingenieure.de\/projekte\/#primaryimage"},"image":{"@id":"https:\/\/burmeier-ingenieure.de\/projekte\/#primaryimage"},"thumbnailUrl":"https:\/\/burmeier-ingenieure.de\/wp-content\/uploads\/2023\/02\/Asset-1@3x-1.png","datePublished":"2022-06-21T09:57:45+00:00","dateModified":"2023-07-12T11:30:28+00:00","breadcrumb":{"@id":"https:\/\/burmeier-ingenieure.de\/projekte\/#breadcrumb"},"inLanguage":"en-GB","potentialAction":[{"@type":"ReadAction","target":["https:\/\/burmeier-ingenieure.de\/projekte\/"]}]},{"@type":"ImageObject","inLanguage":"en-GB","@id":"https:\/\/burmeier-ingenieure.de\/projekte\/#primaryimage","url":"https:\/\/burmeier-ingenieure.de\/wp-content\/uploads\/2023\/02\/Asset-1@3x-1.png","contentUrl":"https:\/\/burmeier-ingenieure.de\/wp-content\/uploads\/2023\/02\/Asset-1@3x-1.png"},{"@type":"BreadcrumbList","@id":"https:\/\/burmeier-ingenieure.de\/projekte\/#breadcrumb","itemListElement":[{"@type":"ListItem","position":1,"name":"Startseite","item":"https:\/\/burmeier-ingenieure.de\/"},{"@type":"ListItem","position":2,"name":"PROJEKTE"}]},{"@type":"WebSite","@id":"https:\/\/burmeier-ingenieure.de\/en\/#website","url":"https:\/\/burmeier-ingenieure.de\/en\/","name":"Prof. Burmeier Ingenieurgesellschaft mbH","description":"Partner for public clients and commercial enterprises","potentialAction":[{"@type":"SearchAction","target":{"@type":"EntryPoint","urlTemplate":"https:\/\/burmeier-ingenieure.de\/en\/?s={search_term_string}"},"query-input":{"@type":"PropertyValueSpecification","valueRequired":true,"valueName":"search_term_string"}}],"inLanguage":"en-GB"}]}},"_links":{"self":[{"href":"https:\/\/burmeier-ingenieure.de\/en\/wp-json\/wp\/v2\/pages\/11599","targetHints":{"allow":["GET"]}}],"collection":[{"href":"https:\/\/burmeier-ingenieure.de\/en\/wp-json\/wp\/v2\/pages"}],"about":[{"href":"https:\/\/burmeier-ingenieure.de\/en\/wp-json\/wp\/v2\/types\/page"}],"author":[{"embeddable":true,"href":"https:\/\/burmeier-ingenieure.de\/en\/wp-json\/wp\/v2\/users\/120"}],"replies":[{"embeddable":true,"href":"https:\/\/burmeier-ingenieure.de\/en\/wp-json\/wp\/v2\/comments?post=11599"}],"version-history":[{"count":3,"href":"https:\/\/burmeier-ingenieure.de\/en\/wp-json\/wp\/v2\/pages\/11599\/revisions"}],"predecessor-version":[{"id":19919,"href":"https:\/\/burmeier-ingenieure.de\/en\/wp-json\/wp\/v2\/pages\/11599\/revisions\/19919"}],"wp:attachment":[{"href":"https:\/\/burmeier-ingenieure.de\/en\/wp-json\/wp\/v2\/media?parent=11599"}],"curies":[{"name":"wp","href":"https:\/\/api.w.org\/{rel}","templated":true}]}}